{"id":38852,"date":"2024-12-18T18:08:20","date_gmt":"2024-12-18T17:08:20","guid":{"rendered":"https:\/\/shapeyourfuturelife.org\/?page_id=38852"},"modified":"2024-12-25T10:28:07","modified_gmt":"2024-12-25T09:28:07","slug":"happiness-is-easier-dk","status":"publish","type":"page","link":"https:\/\/shapeyourfuturelife.org\/da\/happiness-is-easier-dk\/","title":{"rendered":"Happiness Is Easier (DK)"},"content":{"rendered":"\t\t<div data-elementor-type=\"wp-page\" data-elementor-id=\"38852\" class=\"elementor elementor-38852 elementor-38847\" data-elementor-post-type=\"page\">\n\t\t\t\t<div class=\"elementor-element elementor-element-218de0fa e-flex e-con-boxed e-con e-parent\" data-id=\"218de0fa\" data-element_type=\"container\" data-e-type=\"container\" data-settings=\"{&quot;background_background&quot;:&quot;classic&quot;,&quot;jet_parallax_layout_list&quot;:[]}\">\n\t\t\t\t\t<div class=\"e-con-inner\">\n\t\t<div class=\"elementor-element elementor-element-6e582c62 e-con-full e-flex e-con e-child\" data-id=\"6e582c62\" data-element_type=\"container\" data-e-type=\"container\" data-settings=\"{&quot;jet_parallax_layout_list&quot;:[]}\">\n\t\t\t\t<div class=\"elementor-element elementor-element-4e766c89 elementor-widget__width-auto elementor-widget elementor-widget-heading\" data-id=\"4e766c89\" data-element_type=\"widget\" data-e-type=\"widget\" data-widget_type=\"heading.default\">\n\t\t\t\t<div class=\"elementor-widget-container\">\n\t\t\t\t\t<h2 class=\"elementor-heading-title elementor-size-default\">Det er lettere at blive lykkelig<\/h2>\t\t\t\t<\/div>\n\t\t\t\t<\/div>\n\t\t\t\t<\/div>\n\t\t<div class=\"elementor-element elementor-element-719b1aee e-grid e-con-boxed e-con e-child\" data-id=\"719b1aee\" data-element_type=\"container\" data-e-type=\"container\" data-settings=\"{&quot;jet_parallax_layout_list&quot;:[]}\">\n\t\t\t\t\t<div class=\"e-con-inner\">\n\t\t<div class=\"elementor-element elementor-element-30f3f8b e-con-full e-flex elementor-invisible e-con e-child\" data-id=\"30f3f8b\" data-element_type=\"container\" data-e-type=\"container\" data-settings=\"{&quot;jet_parallax_layout_list&quot;:[],&quot;animation&quot;:&quot;fadeInUp&quot;}\">\n\t\t\t\t<div class=\"elementor-element elementor-element-6ed63624 elementor-widget elementor-widget-heading\" data-id=\"6ed63624\" data-element_type=\"widget\" data-e-type=\"widget\" data-widget_type=\"heading.default\">\n\t\t\t\t<div class=\"elementor-widget-container\">\n\t\t\t\t\t<h6 class=\"elementor-heading-title elementor-size-default\"><b>Det er lettere at blive lykkelig med en veludviklet f\u00f8lelsesm\u00e6ssig intelligens<\/b><\/h6>\t\t\t\t<\/div>\n\t\t\t\t<\/div>\n\t\t\t\t<div class=\"elementor-element elementor-element-1b8470dc elementor-widget elementor-widget-text-editor\" data-id=\"1b8470dc\" data-element_type=\"widget\" data-e-type=\"widget\" data-widget_type=\"text-editor.default\">\n\t\t\t\t<div class=\"elementor-widget-container\">\n\t\t\t\t\t\t\t\t\t<p><strong>Nye tider, gamle vaner, den rette indstilling og konstruktiv adf\u00e6rd.<\/strong><\/p><p>Vores evne til at v\u00e6re \u00e5ben og klar til forandring h\u00e6nger sammen med vores personlighed og vores f\u00f8lelsesm\u00e6ssige intelligens.<\/p><p>I vores omfattende psykologisektion baseret p\u00e5 bogserien <em>&#8216;G\u00f8r Verden Smukkere&#8217;<\/em> finder du viden og \u00f8velser, der kan hj\u00e6lpe dig med at styrke dine livskompetencer og din evne til at blive lykkelig. I tidens l\u00f8b har b\u00f8gerne \u00e6ndret mange menneskers liv gennem selvstudier og samtaler i familier og blandt venner og kolleger. De er blevet l\u00e6st h\u00f8jt for b\u00f8rn og partnere og har skabt samh\u00f8righed og forandring.<\/p><p><strong>Vores verden har mere end nogensinde brug for empati, medf\u00f8lelse og k\u00e6rlighed. L\u00e6r mere i vores psykologi sektion.<br \/><\/strong><\/p>\t\t\t\t\t\t\t\t<\/div>\n\t\t\t\t<\/div>\n\t\t\t\t<\/div>\n\t\t<div class=\"elementor-element elementor-element-405ca1ab e-con-full e-flex elementor-invisible e-con e-child\" data-id=\"405ca1ab\" data-element_type=\"container\" data-e-type=\"container\" data-settings=\"{&quot;jet_parallax_layout_list&quot;:[],&quot;animation&quot;:&quot;fadeInUp&quot;}\">\n\t\t\t\t<div class=\"elementor-element elementor-element-72cba7ff dce_masking-none elementor-widget elementor-widget-image\" data-id=\"72cba7ff\" data-element_type=\"widget\" data-e-type=\"widget\" data-widget_type=\"image.default\">\n\t\t\t\t<div class=\"elementor-widget-container\">\n\t\t\t\t\t\t\t\t\t\t\t\t\t\t\t<img fetchpriority=\"high\" decoding=\"async\" width=\"1024\" height=\"683\" src=\"https:\/\/shapeyourfuturelife.org\/wp-content\/uploads\/2023\/10\/iStock-1263914503-1024x683.jpg\" class=\"attachment-large size-large wp-image-17929\" alt=\"\" srcset=\"https:\/\/shapeyourfuturelife.org\/wp-content\/uploads\/2023\/10\/iStock-1263914503-1024x683.jpg 1024w, https:\/\/shapeyourfuturelife.org\/wp-content\/uploads\/2023\/10\/iStock-1263914503-300x200.jpg 300w, https:\/\/shapeyourfuturelife.org\/wp-content\/uploads\/2023\/10\/iStock-1263914503-768x512.jpg 768w, https:\/\/shapeyourfuturelife.org\/wp-content\/uploads\/2023\/10\/iStock-1263914503-1536x1024.jpg 1536w, https:\/\/shapeyourfuturelife.org\/wp-content\/uploads\/2023\/10\/iStock-1263914503-2048x1365.jpg 2048w, https:\/\/shapeyourfuturelife.org\/wp-content\/uploads\/2023\/10\/iStock-1263914503-1320x880.jpg 1320w, https:\/\/shapeyourfuturelife.org\/wp-content\/uploads\/2023\/10\/iStock-1263914503-600x400.jpg 600w\" sizes=\"(max-width: 1024px) 100vw, 1024px\" \/>\t\t\t\t\t\t\t\t\t\t\t\t\t\t\t<\/div>\n\t\t\t\t<\/div>\n\t\t\t\t<\/div>\n\t\t\t\t\t<\/div>\n\t\t\t\t<\/div>\n\t\t\t\t\t<\/div>\n\t\t\t\t<\/div>\n\t\t\t\t<\/div>\n\t\t","protected":false},"excerpt":{"rendered":"<p>Det er lettere at blive lykkelig Det er lettere at blive lykkelig med en veludviklet f\u00f8lelsesm\u00e6ssig intelligens Nye tider, gamle vaner, den rette indstilling og konstruktiv adf\u00e6rd. Vores evne til at v\u00e6re \u00e5ben og klar til forandring h\u00e6nger sammen med vores personlighed og vores f\u00f8lelsesm\u00e6ssige intelligens. I vores omfattende psykologisektion baseret p\u00e5 bogserien &#8216;G\u00f8r Verden [&hellip;]<\/p>\n","protected":false},"author":1,"featured_media":0,"parent":0,"menu_order":0,"comment_status":"closed","ping_status":"closed","template":"elementor_header_footer","meta":{"_surecart_dashboard_logo_width":"180px","_surecart_dashboard_show_logo":true,"_surecart_dashboard_navigation_orders":true,"_surecart_dashboard_navigation_invoices":true,"_surecart_dashboard_navigation_subscriptions":true,"_surecart_dashboard_navigation_downloads":true,"_surecart_dashboard_navigation_billing":true,"_surecart_dashboard_navigation_account":true,"wprm-recipe-roundup-name":"","wprm-recipe-roundup-description":"","footnotes":""},"class_list":["post-38852","page","type-page","status-publish","hentry"],"blocksy_meta":{"styles_descriptor":{"styles":{"desktop":"","tablet":"","mobile":""},"google_fonts":[],"version":6}},"_links":{"self":[{"href":"https:\/\/shapeyourfuturelife.org\/da\/wp-json\/wp\/v2\/pages\/38852","targetHints":{"allow":["GET"]}}],"collection":[{"href":"https:\/\/shapeyourfuturelife.org\/da\/wp-json\/wp\/v2\/pages"}],"about":[{"href":"https:\/\/shapeyourfuturelife.org\/da\/wp-json\/wp\/v2\/types\/page"}],"author":[{"embeddable":true,"href":"https:\/\/shapeyourfuturelife.org\/da\/wp-json\/wp\/v2\/users\/1"}],"replies":[{"embeddable":true,"href":"https:\/\/shapeyourfuturelife.org\/da\/wp-json\/wp\/v2\/comments?post=38852"}],"version-history":[{"count":10,"href":"https:\/\/shapeyourfuturelife.org\/da\/wp-json\/wp\/v2\/pages\/38852\/revisions"}],"predecessor-version":[{"id":39643,"href":"https:\/\/shapeyourfuturelife.org\/da\/wp-json\/wp\/v2\/pages\/38852\/revisions\/39643"}],"wp:attachment":[{"href":"https:\/\/shapeyourfuturelife.org\/da\/wp-json\/wp\/v2\/media?parent=38852"}],"curies":[{"name":"wp","href":"https:\/\/api.w.org\/{rel}","templated":true}]}}