{"id":38817,"date":"2024-12-11T23:54:10","date_gmt":"2024-12-11T22:54:10","guid":{"rendered":"https:\/\/shapeyourfuturelife.org\/?page_id=38817"},"modified":"2024-12-24T10:33:46","modified_gmt":"2024-12-24T09:33:46","slug":"hvorfor-boer-jeg-spise-flere-planter","status":"publish","type":"page","link":"https:\/\/shapeyourfuturelife.org\/da\/hvorfor-boer-jeg-spise-flere-planter\/","title":{"rendered":"Hvorfor b\u00f8r jeg spise flere planter"},"content":{"rendered":"\t\t<div data-elementor-type=\"wp-page\" data-elementor-id=\"38817\" class=\"elementor elementor-38817 elementor-38794\" data-elementor-post-type=\"page\">\n\t\t\t\t<div class=\"elementor-element elementor-element-218de0fa e-flex e-con-boxed e-con e-parent\" data-id=\"218de0fa\" data-element_type=\"container\" data-e-type=\"container\" data-settings=\"{&quot;background_background&quot;:&quot;classic&quot;,&quot;jet_parallax_layout_list&quot;:[]}\">\n\t\t\t\t\t<div class=\"e-con-inner\">\n\t\t<div class=\"elementor-element elementor-element-6e582c62 e-con-full e-flex e-con e-child\" data-id=\"6e582c62\" data-element_type=\"container\" data-e-type=\"container\" data-settings=\"{&quot;jet_parallax_layout_list&quot;:[]}\">\n\t\t\t\t<div class=\"elementor-element elementor-element-4e766c89 elementor-widget__width-auto elementor-widget elementor-widget-heading\" data-id=\"4e766c89\" data-element_type=\"widget\" data-e-type=\"widget\" data-widget_type=\"heading.default\">\n\t\t\t\t<div class=\"elementor-widget-container\">\n\t\t\t\t\t<h2 class=\"elementor-heading-title elementor-size-default\">Hvorfor b\u00f8r jeg spise flere planter<\/h2>\t\t\t\t<\/div>\n\t\t\t\t<\/div>\n\t\t\t\t<\/div>\n\t\t<div class=\"elementor-element elementor-element-719b1aee e-grid e-con-boxed e-con e-child\" data-id=\"719b1aee\" data-element_type=\"container\" data-e-type=\"container\" data-settings=\"{&quot;jet_parallax_layout_list&quot;:[]}\">\n\t\t\t\t\t<div class=\"e-con-inner\">\n\t\t<div class=\"elementor-element elementor-element-30f3f8b e-con-full e-flex elementor-invisible e-con e-child\" data-id=\"30f3f8b\" data-element_type=\"container\" data-e-type=\"container\" data-settings=\"{&quot;jet_parallax_layout_list&quot;:[],&quot;animation&quot;:&quot;fadeInUp&quot;}\">\n\t\t\t\t<div class=\"elementor-element elementor-element-6ed63624 elementor-widget elementor-widget-heading\" data-id=\"6ed63624\" data-element_type=\"widget\" data-e-type=\"widget\" data-widget_type=\"heading.default\">\n\t\t\t\t<div class=\"elementor-widget-container\">\n\t\t\t\t\t<h4 class=\"elementor-heading-title elementor-size-default\">Hvorfor b\u00f8r jeg spise flere planter,\nn\u00e5r jeg elsker k\u00f8d, fisk, mejeriprodukter og \u00e6g?<\/h4>\t\t\t\t<\/div>\n\t\t\t\t<\/div>\n\t\t\t\t<div class=\"elementor-element elementor-element-1b8470dc elementor-widget elementor-widget-text-editor\" data-id=\"1b8470dc\" data-element_type=\"widget\" data-e-type=\"widget\" data-widget_type=\"text-editor.default\">\n\t\t\t\t<div class=\"elementor-widget-container\">\n\t\t\t\t\t\t\t\t\t<div class=\"elementor-element elementor-element-79cab702 elementor-hidden-tablet elementor-hidden-mobile elementor-widget elementor-widget-heading\" data-id=\"79cab702\" data-element_type=\"widget\" data-widget_type=\"heading.default\"><b>Der er to omr\u00e5der, hvor vi som enkeltindivider har afg\u00f8rende indflydelse p\u00e5 s\u00e5vel egen som p\u00e5 planetens sundhed \u2013 vores valg af kost og vores valg af transport. <\/b><div class=\"elementor-widget-container\"><p class=\"elementor-heading-title elementor-size-default\"><br \/>Din og planetens sundhed begynder med, hvad du spiser. En plantebaseret kost reducerer vores risiko for kroniske sygdomme som eksempelvis hjerte-kar-sygdomme, type-2 diabetes og kr\u00e6ft.<br \/><br \/>Derudover fremmer en plantebaseret kost dyrevelf\u00e6rd, bevarer biodiversiteten, reducerer CO2-udledningen og mindsker forureningen betydeligt.<br \/><br \/>Ved at v\u00e6lge at g\u00e5, cykle eller bruge offentlig transport i stedet for at k\u00f8re i bil og is\u00e6r ved at minimere flyrejser s\u00e5 meget som muligt, reducerer vi vores CO2-aftryk markant.<br \/><br \/><b>F\u00e5 mere viden om, hvad du konkret kan g\u00f8re for planetens og din sundhed i de fem sektioner i SHAPE Your Future Life.<\/b><\/p><\/div><\/div>\t\t\t\t\t\t\t\t<\/div>\n\t\t\t\t<\/div>\n\t\t\t\t<\/div>\n\t\t<div class=\"elementor-element elementor-element-405ca1ab e-con-full e-flex elementor-invisible e-con e-child\" data-id=\"405ca1ab\" data-element_type=\"container\" data-e-type=\"container\" data-settings=\"{&quot;jet_parallax_layout_list&quot;:[],&quot;animation&quot;:&quot;fadeInUp&quot;}\">\n\t\t\t\t<div class=\"elementor-element elementor-element-72cba7ff dce_masking-none elementor-widget elementor-widget-image\" data-id=\"72cba7ff\" data-element_type=\"widget\" data-e-type=\"widget\" data-widget_type=\"image.default\">\n\t\t\t\t<div class=\"elementor-widget-container\">\n\t\t\t\t\t\t\t\t\t\t\t\t\t\t\t<img fetchpriority=\"high\" decoding=\"async\" width=\"1024\" height=\"839\" src=\"https:\/\/shapeyourfuturelife.org\/wp-content\/uploads\/2024\/12\/dreamstime_xxl_109949065Rotated-1024x839.jpg\" class=\"attachment-large size-large wp-image-39580\" alt=\"\" srcset=\"https:\/\/shapeyourfuturelife.org\/wp-content\/uploads\/2024\/12\/dreamstime_xxl_109949065Rotated-1024x839.jpg 1024w, https:\/\/shapeyourfuturelife.org\/wp-content\/uploads\/2024\/12\/dreamstime_xxl_109949065Rotated-300x246.jpg 300w, https:\/\/shapeyourfuturelife.org\/wp-content\/uploads\/2024\/12\/dreamstime_xxl_109949065Rotated-768x629.jpg 768w, https:\/\/shapeyourfuturelife.org\/wp-content\/uploads\/2024\/12\/dreamstime_xxl_109949065Rotated-1536x1258.jpg 1536w, https:\/\/shapeyourfuturelife.org\/wp-content\/uploads\/2024\/12\/dreamstime_xxl_109949065Rotated-2048x1677.jpg 2048w, https:\/\/shapeyourfuturelife.org\/wp-content\/uploads\/2024\/12\/dreamstime_xxl_109949065Rotated-1320x1081.jpg 1320w\" sizes=\"(max-width: 1024px) 100vw, 1024px\" \/>\t\t\t\t\t\t\t\t\t\t\t\t\t\t\t<\/div>\n\t\t\t\t<\/div>\n\t\t\t\t<\/div>\n\t\t\t\t\t<\/div>\n\t\t\t\t<\/div>\n\t\t\t\t\t<\/div>\n\t\t\t\t<\/div>\n\t\t\t\t<\/div>\n\t\t","protected":false},"excerpt":{"rendered":"<p>Hvorfor b\u00f8r jeg spise flere planter Hvorfor b\u00f8r jeg spise flere planter, n\u00e5r jeg elsker k\u00f8d, fisk, mejeriprodukter og \u00e6g? Der er to omr\u00e5der, hvor vi som enkeltindivider har afg\u00f8rende indflydelse p\u00e5 s\u00e5vel egen som p\u00e5 planetens sundhed \u2013 vores valg af kost og vores valg af transport. Din og planetens sundhed begynder med, hvad [&hellip;]<\/p>\n","protected":false},"author":1,"featured_media":0,"parent":0,"menu_order":0,"comment_status":"closed","ping_status":"closed","template":"elementor_header_footer","meta":{"_surecart_dashboard_logo_width":"180px","_surecart_dashboard_show_logo":true,"_surecart_dashboard_navigation_orders":true,"_surecart_dashboard_navigation_invoices":true,"_surecart_dashboard_navigation_subscriptions":true,"_surecart_dashboard_navigation_downloads":true,"_surecart_dashboard_navigation_billing":true,"_surecart_dashboard_navigation_account":true,"wprm-recipe-roundup-name":"","wprm-recipe-roundup-description":"","footnotes":""},"class_list":["post-38817","page","type-page","status-publish","hentry"],"blocksy_meta":{"styles_descriptor":{"styles":{"desktop":"","tablet":"","mobile":""},"google_fonts":[],"version":6}},"_links":{"self":[{"href":"https:\/\/shapeyourfuturelife.org\/da\/wp-json\/wp\/v2\/pages\/38817","targetHints":{"allow":["GET"]}}],"collection":[{"href":"https:\/\/shapeyourfuturelife.org\/da\/wp-json\/wp\/v2\/pages"}],"about":[{"href":"https:\/\/shapeyourfuturelife.org\/da\/wp-json\/wp\/v2\/types\/page"}],"author":[{"embeddable":true,"href":"https:\/\/shapeyourfuturelife.org\/da\/wp-json\/wp\/v2\/users\/1"}],"replies":[{"embeddable":true,"href":"https:\/\/shapeyourfuturelife.org\/da\/wp-json\/wp\/v2\/comments?post=38817"}],"version-history":[{"count":7,"href":"https:\/\/shapeyourfuturelife.org\/da\/wp-json\/wp\/v2\/pages\/38817\/revisions"}],"predecessor-version":[{"id":39586,"href":"https:\/\/shapeyourfuturelife.org\/da\/wp-json\/wp\/v2\/pages\/38817\/revisions\/39586"}],"wp:attachment":[{"href":"https:\/\/shapeyourfuturelife.org\/da\/wp-json\/wp\/v2\/media?parent=38817"}],"curies":[{"name":"wp","href":"https:\/\/api.w.org\/{rel}","templated":true}]}}