{"id":38812,"date":"2024-12-11T23:59:38","date_gmt":"2024-12-11T22:59:38","guid":{"rendered":"https:\/\/shapeyourfuturelife.org\/?page_id=38812"},"modified":"2024-12-24T11:03:55","modified_gmt":"2024-12-24T10:03:55","slug":"mad-kan-loese-det","status":"publish","type":"page","link":"https:\/\/shapeyourfuturelife.org\/da\/mad-kan-loese-det\/","title":{"rendered":"Mad kan l\u00f8se det"},"content":{"rendered":"\t\t<div data-elementor-type=\"wp-page\" data-elementor-id=\"38812\" class=\"elementor elementor-38812 elementor-38806\" data-elementor-post-type=\"page\">\n\t\t\t\t<div class=\"elementor-element elementor-element-218de0fa e-flex e-con-boxed e-con e-parent\" data-id=\"218de0fa\" data-element_type=\"container\" data-e-type=\"container\" data-settings=\"{&quot;background_background&quot;:&quot;classic&quot;,&quot;jet_parallax_layout_list&quot;:[]}\">\n\t\t\t\t\t<div class=\"e-con-inner\">\n\t\t<div class=\"elementor-element elementor-element-6e582c62 e-con-full e-flex e-con e-child\" data-id=\"6e582c62\" data-element_type=\"container\" data-e-type=\"container\" data-settings=\"{&quot;jet_parallax_layout_list&quot;:[]}\">\n\t\t\t\t<div class=\"elementor-element elementor-element-4e766c89 elementor-widget__width-auto elementor-widget elementor-widget-heading\" data-id=\"4e766c89\" data-element_type=\"widget\" data-e-type=\"widget\" data-widget_type=\"heading.default\">\n\t\t\t\t<div class=\"elementor-widget-container\">\n\t\t\t\t\t<h2 class=\"elementor-heading-title elementor-size-default\">Mad kan l\u00f8se det<\/h2>\t\t\t\t<\/div>\n\t\t\t\t<\/div>\n\t\t\t\t<\/div>\n\t\t<div class=\"elementor-element elementor-element-719b1aee e-grid e-con-boxed e-con e-child\" data-id=\"719b1aee\" data-element_type=\"container\" data-e-type=\"container\" data-settings=\"{&quot;jet_parallax_layout_list&quot;:[]}\">\n\t\t\t\t\t<div class=\"e-con-inner\">\n\t\t<div class=\"elementor-element elementor-element-30f3f8b e-con-full e-flex elementor-invisible e-con e-child\" data-id=\"30f3f8b\" data-element_type=\"container\" data-e-type=\"container\" data-settings=\"{&quot;jet_parallax_layout_list&quot;:[],&quot;animation&quot;:&quot;fadeInUp&quot;}\">\n\t\t\t\t<div class=\"elementor-element elementor-element-6ed63624 elementor-widget elementor-widget-heading\" data-id=\"6ed63624\" data-element_type=\"widget\" data-e-type=\"widget\" data-widget_type=\"heading.default\">\n\t\t\t\t<div class=\"elementor-widget-container\">\n\t\t\t\t\t<h6 class=\"elementor-heading-title elementor-size-default\">En plantebaseret kost er n\u00f8glen til din\nog planetens sundhed! <br>\nF\u00e5 hj\u00e6lp i vores plantebaserede opskrift univers.<\/h6>\t\t\t\t<\/div>\n\t\t\t\t<\/div>\n\t\t\t\t<div class=\"elementor-element elementor-element-1b8470dc elementor-widget elementor-widget-text-editor\" data-id=\"1b8470dc\" data-element_type=\"widget\" data-e-type=\"widget\" data-widget_type=\"text-editor.default\">\n\t\t\t\t<div class=\"elementor-widget-container\">\n\t\t\t\t\t\t\t\t\t<div class=\"elementor-element elementor-element-28ba9c09 elementor-widget elementor-widget-heading\" data-id=\"28ba9c09\" data-element_type=\"widget\" data-widget_type=\"heading.default\"><div class=\"elementor-widget-container\"><p class=\"elementor-heading-title elementor-size-default\">EAT-Lancet-kommissionen, der best\u00e5r af 37 af verdens f\u00f8rende eksperter inden for ern\u00e6ring, sundhed, landbrug, f\u00f8devarepolitik og b\u00e6redygtighed, fik til opgave at unders\u00f8ge, hvordan vi skal spise i fremtiden, hvis vi skal kunne br\u00f8df\u00f8de jordens befolkning p\u00e5 10 milliarder mennesker p\u00e5 en sund og b\u00e6redygtig m\u00e5de inden \u00e5r 2050.<\/p><p>Rapporten <em>&#8220;EAT-Lancet Commission on Healthy Diets from Sustainable Food Systems&#8221;<\/em> blev udgivet i 2019 i det anerkendte videnskabelige tidsskrift The Lancet.<\/p><p><strong>Rapporten anbefaler en plantebaseret kost, der kan suppleres med et beskedent indtag af animalske f\u00f8devarer.<\/strong><\/p><p>Vi anbefaler, hvis det er muligt, at spise Whole-Food Plant-Based, men ethvert plantebaseret m\u00e5ltid t\u00e6ller. <br \/><b> <br \/>I vores opskriftssektion finder du en omfattende samling af plantebaserede opskrifter og v\u00e6rkt\u00f8jer, der er skabt til at g\u00f8re livet lettere i en travl hverdag.<\/b><\/p><\/div><\/div>\t\t\t\t\t\t\t\t<\/div>\n\t\t\t\t<\/div>\n\t\t\t\t<\/div>\n\t\t<div class=\"elementor-element elementor-element-405ca1ab e-con-full e-flex elementor-invisible e-con e-child\" data-id=\"405ca1ab\" data-element_type=\"container\" data-e-type=\"container\" data-settings=\"{&quot;jet_parallax_layout_list&quot;:[],&quot;animation&quot;:&quot;fadeInUp&quot;}\">\n\t\t\t\t<div class=\"elementor-element elementor-element-72cba7ff dce_masking-none elementor-widget elementor-widget-image\" data-id=\"72cba7ff\" data-element_type=\"widget\" data-e-type=\"widget\" data-widget_type=\"image.default\">\n\t\t\t\t<div class=\"elementor-widget-container\">\n\t\t\t\t\t\t\t\t\t\t\t\t\t\t\t<img fetchpriority=\"high\" decoding=\"async\" width=\"1024\" height=\"659\" src=\"https:\/\/shapeyourfuturelife.org\/wp-content\/uploads\/2024\/12\/scopio-3503521f-70f6-488f-985c-f90ad21c2bd3REDUCED-1-1024x659.jpg\" class=\"attachment-large size-large wp-image-39604\" alt=\"\" srcset=\"https:\/\/shapeyourfuturelife.org\/wp-content\/uploads\/2024\/12\/scopio-3503521f-70f6-488f-985c-f90ad21c2bd3REDUCED-1-1024x659.jpg 1024w, https:\/\/shapeyourfuturelife.org\/wp-content\/uploads\/2024\/12\/scopio-3503521f-70f6-488f-985c-f90ad21c2bd3REDUCED-1-300x193.jpg 300w, https:\/\/shapeyourfuturelife.org\/wp-content\/uploads\/2024\/12\/scopio-3503521f-70f6-488f-985c-f90ad21c2bd3REDUCED-1-768x495.jpg 768w, https:\/\/shapeyourfuturelife.org\/wp-content\/uploads\/2024\/12\/scopio-3503521f-70f6-488f-985c-f90ad21c2bd3REDUCED-1-1320x850.jpg 1320w, https:\/\/shapeyourfuturelife.org\/wp-content\/uploads\/2024\/12\/scopio-3503521f-70f6-488f-985c-f90ad21c2bd3REDUCED-1.jpg 1500w\" sizes=\"(max-width: 1024px) 100vw, 1024px\" \/>\t\t\t\t\t\t\t\t\t\t\t\t\t\t\t<\/div>\n\t\t\t\t<\/div>\n\t\t\t\t<\/div>\n\t\t\t\t\t<\/div>\n\t\t\t\t<\/div>\n\t\t\t\t\t<\/div>\n\t\t\t\t<\/div>\n\t\t\t\t<\/div>\n\t\t","protected":false},"excerpt":{"rendered":"<p>Mad kan l\u00f8se det En plantebaseret kost er n\u00f8glen til din og planetens sundhed! F\u00e5 hj\u00e6lp i vores plantebaserede opskrift univers. EAT-Lancet-kommissionen, der best\u00e5r af 37 af verdens f\u00f8rende eksperter inden for ern\u00e6ring, sundhed, landbrug, f\u00f8devarepolitik og b\u00e6redygtighed, fik til opgave at unders\u00f8ge, hvordan vi skal spise i fremtiden, hvis vi skal kunne br\u00f8df\u00f8de jordens [&hellip;]<\/p>\n","protected":false},"author":1,"featured_media":0,"parent":0,"menu_order":0,"comment_status":"closed","ping_status":"closed","template":"elementor_header_footer","meta":{"_surecart_dashboard_logo_width":"180px","_surecart_dashboard_show_logo":true,"_surecart_dashboard_navigation_orders":true,"_surecart_dashboard_navigation_invoices":true,"_surecart_dashboard_navigation_subscriptions":true,"_surecart_dashboard_navigation_downloads":true,"_surecart_dashboard_navigation_billing":true,"_surecart_dashboard_navigation_account":true,"wprm-recipe-roundup-name":"","wprm-recipe-roundup-description":"","footnotes":""},"class_list":["post-38812","page","type-page","status-publish","hentry"],"blocksy_meta":{"styles_descriptor":{"styles":{"desktop":"","tablet":"","mobile":""},"google_fonts":[],"version":6}},"_links":{"self":[{"href":"https:\/\/shapeyourfuturelife.org\/da\/wp-json\/wp\/v2\/pages\/38812","targetHints":{"allow":["GET"]}}],"collection":[{"href":"https:\/\/shapeyourfuturelife.org\/da\/wp-json\/wp\/v2\/pages"}],"about":[{"href":"https:\/\/shapeyourfuturelife.org\/da\/wp-json\/wp\/v2\/types\/page"}],"author":[{"embeddable":true,"href":"https:\/\/shapeyourfuturelife.org\/da\/wp-json\/wp\/v2\/users\/1"}],"replies":[{"embeddable":true,"href":"https:\/\/shapeyourfuturelife.org\/da\/wp-json\/wp\/v2\/comments?post=38812"}],"version-history":[{"count":7,"href":"https:\/\/shapeyourfuturelife.org\/da\/wp-json\/wp\/v2\/pages\/38812\/revisions"}],"predecessor-version":[{"id":39613,"href":"https:\/\/shapeyourfuturelife.org\/da\/wp-json\/wp\/v2\/pages\/38812\/revisions\/39613"}],"wp:attachment":[{"href":"https:\/\/shapeyourfuturelife.org\/da\/wp-json\/wp\/v2\/media?parent=38812"}],"curies":[{"name":"wp","href":"https:\/\/api.w.org\/{rel}","templated":true}]}}