{"id":37238,"date":"2024-08-29T17:36:33","date_gmt":"2024-08-29T15:36:33","guid":{"rendered":"https:\/\/shapeyourfuturelife.org\/how-and-what-do-we-do\/"},"modified":"2024-12-19T12:17:17","modified_gmt":"2024-12-19T11:17:17","slug":"hvordan-og-hvad-goer-vi","status":"publish","type":"page","link":"https:\/\/shapeyourfuturelife.org\/da\/hvordan-og-hvad-goer-vi\/","title":{"rendered":"Hvordan og hvad g\u00f8r vi"},"content":{"rendered":"\t\t<div data-elementor-type=\"wp-page\" data-elementor-id=\"37238\" class=\"elementor elementor-37238 elementor-37233\" data-elementor-post-type=\"page\">\n\t\t\t\t<div class=\"elementor-element elementor-element-218de0fa e-flex e-con-boxed e-con e-parent\" data-id=\"218de0fa\" data-element_type=\"container\" data-e-type=\"container\" data-settings=\"{&quot;background_background&quot;:&quot;classic&quot;,&quot;jet_parallax_layout_list&quot;:[]}\">\n\t\t\t\t\t<div class=\"e-con-inner\">\n\t\t<div class=\"elementor-element elementor-element-6e582c62 e-con-full e-flex e-con e-child\" data-id=\"6e582c62\" data-element_type=\"container\" data-e-type=\"container\" data-settings=\"{&quot;jet_parallax_layout_list&quot;:[]}\">\n\t\t\t\t<div class=\"elementor-element elementor-element-4e766c89 elementor-widget__width-auto elementor-widget elementor-widget-heading\" data-id=\"4e766c89\" data-element_type=\"widget\" data-e-type=\"widget\" data-widget_type=\"heading.default\">\n\t\t\t\t<div class=\"elementor-widget-container\">\n\t\t\t\t\t<h2 class=\"elementor-heading-title elementor-size-default\">Hvordan og hvad g\u00f8r vi<\/h2>\t\t\t\t<\/div>\n\t\t\t\t<\/div>\n\t\t\t\t<\/div>\n\t\t<div class=\"elementor-element elementor-element-719b1aee e-grid e-con-full e-con e-child\" data-id=\"719b1aee\" data-element_type=\"container\" data-e-type=\"container\" data-settings=\"{&quot;jet_parallax_layout_list&quot;:[]}\">\n\t\t<div class=\"elementor-element elementor-element-30f3f8b e-con-full e-flex elementor-invisible e-con e-child\" data-id=\"30f3f8b\" data-element_type=\"container\" data-e-type=\"container\" data-settings=\"{&quot;jet_parallax_layout_list&quot;:[],&quot;animation&quot;:&quot;fadeInUp&quot;}\">\n\t\t\t\t<div class=\"elementor-element elementor-element-6ed63624 elementor-widget elementor-widget-heading\" data-id=\"6ed63624\" data-element_type=\"widget\" data-e-type=\"widget\" data-widget_type=\"heading.default\">\n\t\t\t\t<div class=\"elementor-widget-container\">\n\t\t\t\t\t<h6 class=\"elementor-heading-title elementor-size-default\">Vi mener, at alle m\u00e5 tr\u00e6de i karakter, og at vi hver is\u00e6r m\u00e5 tage stilling og g\u00f8re vores del for at skabe den verden og det liv, vi \u00f8nsker os.\n\nVi tror, at vi alle sammen gerne vil kunne se vores b\u00f8rn og b\u00f8rneb\u00f8rn i \u00f8jnene og med sindsro sige: <br><br>\n\n<i>\u201cJeg traf mine valg p\u00e5 et oplyst grundlag, l\u00e6rte nye v\u00e6rkt\u00f8jer, fik nye kompetencer og \u00e6ndrede min livsstil, s\u00e5 jeg kunne g\u00f8re en positiv indsats <br>for min og andres trivsel,  sundheden og b\u00e6redygtigheden <br>til gavn for planeten og dens beboere.\u201d<br><br>\n\nS\u00e5danne forandringer kr\u00e6ver kompetencer, de f\u00e6rreste af os har f\u00e5et i skolen.\nSHAPE er skabt p\u00e5 baggrund af et enormt research- og kommunikationsarbejde, hvor vi udv\u00e6lger, indsamler og bearbejder relevant, evidensbaseret viden og g\u00f8r den og tilh\u00f8rende, praktiske v\u00e6rkt\u00f8jer let tilg\u00e6ngelige.\n\n<br><br>SHAPEs film, artikler, tests og \u00f8velser g\u00f8r det nemmere for dig\nat skabe den fremtid, du \u00f8nsker for planeten, dig selv, din familie og de kommende generationer.<\/h6>\t\t\t\t<\/div>\n\t\t\t\t<\/div>\n\t\t\t\t<div class=\"elementor-element elementor-element-1b8470dc elementor-widget elementor-widget-text-editor\" data-id=\"1b8470dc\" data-element_type=\"widget\" data-e-type=\"widget\" data-widget_type=\"text-editor.default\">\n\t\t\t\t<div class=\"elementor-widget-container\">\n\t\t\t\t\t\t\t\t\t<p><strong>S \u2013 Sustainability<br \/><\/strong>At leve b\u00e6redygtigt er at v\u00e6lge med hjertet; at tr\u00e6ffe beslutninger, der beskytter vores jord, mindsker vores ressourceforbrug og inkluderer plantebaseret mad, der er mindre \u00f8del\u00e6ggende og klima- og ressource belastende for vores planet.<\/p><p><strong>H \u2013 Health<br \/><\/strong>En sund livsstil og et godt helbred er b\u00e5ret af mange forskellige faktorer, herunder bl.a. kost, motion, ingen tobak, et beskedent alkoholforbrug, tilstr\u00e6kkelig og god s\u00f8vn, stressh\u00e5ndtering, gode n\u00e6re relationer og at livet i det hele taget er meningsfuldt for os.\u00a0<\/p><p><strong>A \u2013 Animal Welfare<br \/><\/strong>I den globale f\u00f8devareindustri opdr\u00e6ttes og slagtes hvert \u00e5r <em>80 milliarder <\/em>dyr under de mest kummerlige forhold. At blive bevidst om hvordan vores mad produceres i det moderne fabrikslandbrug spiller en central rolle i en mere empatisk livsstil.\u00a0<\/p><p><strong>P \u2013 Psychology<br \/><\/strong>En veludviklet f\u00f8lelsesm\u00e6ssig intelligens giver os evnen til at forst\u00e5 b\u00e5de vores egne og andres f\u00f8lelser, hvilket bidrager til et sundere sind og st\u00e6rkere relationer. SHAPEs psykologisektion er baseret p\u00e5 Per&#8217;s bogserie &#8220;G\u00f8r Verden Smukkere.&#8221; Seriens best\u00e5r af 6 opslagsb\u00f8ger, der gennem korte artikler, \u00f8velser, tests og film enkelt guider dig p\u00e5 din rejse mod at forme din fremtid. Serien kan ogs\u00e5 l\u00e6ses sammen med b\u00f8rn til inspiration og gode samtaler.<\/p><p><strong>E \u2013 Empowerment<br \/><\/strong>Empowerment handler om at tage kontrol over vores liv og tr\u00e6ffe informerede valg, der gavner os selv og vores omgivelser.<\/p>\t\t\t\t\t\t\t\t<\/div>\n\t\t\t\t<\/div>\n\t\t\t\t<\/div>\n\t\t<div class=\"elementor-element elementor-element-405ca1ab e-con-full e-flex elementor-invisible e-con e-child\" data-id=\"405ca1ab\" data-element_type=\"container\" data-e-type=\"container\" data-settings=\"{&quot;jet_parallax_layout_list&quot;:[],&quot;animation&quot;:&quot;fadeInUp&quot;}\">\n\t\t\t\t<div class=\"elementor-element elementor-element-72cba7ff dce_masking-none elementor-widget elementor-widget-image\" data-id=\"72cba7ff\" data-element_type=\"widget\" data-e-type=\"widget\" data-widget_type=\"image.default\">\n\t\t\t\t<div class=\"elementor-widget-container\">\n\t\t\t\t\t\t\t\t\t\t\t\t\t\t\t<img fetchpriority=\"high\" decoding=\"async\" width=\"900\" height=\"600\" src=\"https:\/\/shapeyourfuturelife.org\/wp-content\/uploads\/2024\/08\/dreamstime_xxl_73284304-900x600px.jpg\" class=\"attachment-large size-large wp-image-37369\" alt=\"\" srcset=\"https:\/\/shapeyourfuturelife.org\/wp-content\/uploads\/2024\/08\/dreamstime_xxl_73284304-900x600px.jpg 900w, https:\/\/shapeyourfuturelife.org\/wp-content\/uploads\/2024\/08\/dreamstime_xxl_73284304-900x600px-300x200.jpg 300w, https:\/\/shapeyourfuturelife.org\/wp-content\/uploads\/2024\/08\/dreamstime_xxl_73284304-900x600px-768x512.jpg 768w\" sizes=\"(max-width: 900px) 100vw, 900px\" \/>\t\t\t\t\t\t\t\t\t\t\t\t\t\t\t<\/div>\n\t\t\t\t<\/div>\n\t\t\t\t<div class=\"elementor-element elementor-element-5e6f6fe3 elementor-widget elementor-widget-text-editor\" data-id=\"5e6f6fe3\" data-element_type=\"widget\" data-e-type=\"widget\" data-widget_type=\"text-editor.default\">\n\t\t\t\t<div class=\"elementor-widget-container\">\n\t\t\t\t\t\t\t\t\t<p><strong>SHAPEbook<\/strong><br \/>Det er vigtigt for os mennesker at tilh\u00f8re f\u00e6llesskaber. Det er her, vi finder st\u00f8tte, inspiration og styrke hos ligesindede, der deler vores v\u00e6rdier og dr\u00f8mme. Med vores sociale medie \u2013 SHAPEbook \u2013 s\u00e6tter vi rammen for et trygt og positivt f\u00e6llesskab, hvor vi sammen kan udveksle id\u00e9er, dele vores viden og vores erfaringer inden for SHAPEs univers.<\/p><p><strong>Recipes<\/strong><br \/>Vi samarbejder med en r\u00e6kke talentfulde kokke, der gener\u00f8st har delt deres opskrifter. Her finder du en bred vifte af plantebaserede opskrifter p\u00e5 morgenmad, frokost, aftensmad, gourmet mad, snacks og desserter. Har du lyst til at bidrage med plantebaserede opskrifter og smukke billeder mod fulde credits, s\u00e5 kontakt os gerne p\u00e5 <a href=\"mailto:ap@shapeyourfuturelife.org\">ap@shapeyourfuturelife.org<\/a>.<\/p>\t\t\t\t\t\t\t\t<\/div>\n\t\t\t\t<\/div>\n\t\t\t\t<\/div>\n\t\t\t\t<\/div>\n\t\t\t\t\t<\/div>\n\t\t\t\t<\/div>\n\t\t\t\t<\/div>\n\t\t","protected":false},"excerpt":{"rendered":"<p>Hvordan og hvad g\u00f8r vi Vi mener, at alle m\u00e5 tr\u00e6de i karakter, og at vi hver is\u00e6r m\u00e5 tage stilling og g\u00f8re vores del for at skabe den verden og det liv, vi \u00f8nsker os. Vi tror, at vi alle sammen gerne vil kunne se vores b\u00f8rn og b\u00f8rneb\u00f8rn i \u00f8jnene og med sindsro [&hellip;]<\/p>\n","protected":false},"author":1,"featured_media":0,"parent":0,"menu_order":0,"comment_status":"closed","ping_status":"closed","template":"elementor_header_footer","meta":{"_surecart_dashboard_logo_width":"180px","_surecart_dashboard_show_logo":true,"_surecart_dashboard_navigation_orders":true,"_surecart_dashboard_navigation_invoices":true,"_surecart_dashboard_navigation_subscriptions":true,"_surecart_dashboard_navigation_downloads":true,"_surecart_dashboard_navigation_billing":true,"_surecart_dashboard_navigation_account":true,"wprm-recipe-roundup-name":"","wprm-recipe-roundup-description":"","footnotes":""},"class_list":["post-37238","page","type-page","status-publish","hentry"],"blocksy_meta":{"styles_descriptor":{"styles":{"desktop":"","tablet":"","mobile":""},"google_fonts":[],"version":6}},"_links":{"self":[{"href":"https:\/\/shapeyourfuturelife.org\/da\/wp-json\/wp\/v2\/pages\/37238","targetHints":{"allow":["GET"]}}],"collection":[{"href":"https:\/\/shapeyourfuturelife.org\/da\/wp-json\/wp\/v2\/pages"}],"about":[{"href":"https:\/\/shapeyourfuturelife.org\/da\/wp-json\/wp\/v2\/types\/page"}],"author":[{"embeddable":true,"href":"https:\/\/shapeyourfuturelife.org\/da\/wp-json\/wp\/v2\/users\/1"}],"replies":[{"embeddable":true,"href":"https:\/\/shapeyourfuturelife.org\/da\/wp-json\/wp\/v2\/comments?post=37238"}],"version-history":[{"count":68,"href":"https:\/\/shapeyourfuturelife.org\/da\/wp-json\/wp\/v2\/pages\/37238\/revisions"}],"predecessor-version":[{"id":39379,"href":"https:\/\/shapeyourfuturelife.org\/da\/wp-json\/wp\/v2\/pages\/37238\/revisions\/39379"}],"wp:attachment":[{"href":"https:\/\/shapeyourfuturelife.org\/da\/wp-json\/wp\/v2\/media?parent=37238"}],"curies":[{"name":"wp","href":"https:\/\/api.w.org\/{rel}","templated":true}]}}