{"id":25048,"date":"2023-07-23T00:22:33","date_gmt":"2023-07-22T22:22:33","guid":{"rendered":"https:\/\/shapeyourfuturelife.org\/registration\/"},"modified":"2023-11-16T11:03:02","modified_gmt":"2023-11-16T10:03:02","slug":"registration","status":"publish","type":"page","link":"https:\/\/shapeyourfuturelife.org\/da\/registration\/","title":{"rendered":"Registrering"},"content":{"rendered":"\t\t<div data-elementor-type=\"wp-page\" data-elementor-id=\"25048\" class=\"elementor elementor-25048 elementor-8425\" data-elementor-post-type=\"page\">\n\t\t\t\t<div class=\"elementor-element elementor-element-cdfc3a0 e-flex e-con-boxed e-con e-parent\" data-id=\"cdfc3a0\" data-element_type=\"container\" data-e-type=\"container\" data-settings=\"{&quot;jet_parallax_layout_list&quot;:[]}\">\n\t\t\t\t\t<div class=\"e-con-inner\">\n\t\t<div class=\"elementor-element elementor-element-11838b5 e-con-full e-flex e-con e-child\" data-id=\"11838b5\" data-element_type=\"container\" data-e-type=\"container\" data-settings=\"{&quot;jet_parallax_layout_list&quot;:[]}\">\n\t\t\t\t<div class=\"elementor-element elementor-element-4a0e3c9 elementor-widget elementor-widget-heading\" data-id=\"4a0e3c9\" data-element_type=\"widget\" data-e-type=\"widget\" data-widget_type=\"heading.default\">\n\t\t\t\t<div class=\"elementor-widget-container\">\n\t\t\t\t\t<h1 class=\"elementor-heading-title elementor-size-default\">Bliv medlem og f\u00e5 fuld adgang til websidens artikler og hj\u00e6lpev\u00e6rkt\u00f8jer. Det er GRATIS!<\/h1>\t\t\t\t<\/div>\n\t\t\t\t<\/div>\n\t\t\t\t<div class=\"elementor-element elementor-element-228c830 elementor-widget elementor-widget-text-editor\" data-id=\"228c830\" data-element_type=\"widget\" data-e-type=\"widget\" data-widget_type=\"text-editor.default\">\n\t\t\t\t<div class=\"elementor-widget-container\">\n\t\t\t\t\t\t\t\t\t<p>Et medlemskab af SHAPE Your Future Life er GRATIS, og giver dig en r\u00e6kke personlige fordele. Ved at blive en del af vores f\u00e6llesskab spiller du en afg\u00f8rende rolle i at fremme vores mission om at formidle evidensbaseret viden, der fremmer b\u00e5de personlig sundhed og vores planets velv\u00e6re til s\u00e5 mange mennesker som muligt.<\/p><p>L\u00e6s mere om medlemsfordelene <a href=\"https:\/\/shapeyourfuturelife.org\/da\/laes-mere-om-medlems-fordelene\/\">her.<\/a><\/p>\t\t\t\t\t\t\t\t<\/div>\n\t\t\t\t<\/div>\n\t\t\t\t<div class=\"elementor-element elementor-element-b5ec299 elementor-widget elementor-widget-surecart_form\" data-id=\"b5ec299\" data-element_type=\"widget\" data-e-type=\"widget\" data-widget_type=\"surecart_form.default\">\n\t\t\t\t<div class=\"elementor-widget-container\">\n\t\t\t\t\t<sc-checkout\n\tclass=\"checkout\"\n\tid=\"sc-checkout-25042\"\n\tclass=\"\"\n\tstyle=\"text-align: left;--sc-form-row-spacing: 25px;\"\n\tmodified=\"2024-08-07 09:31:11\"\n\talignment=\"\"\n\tsuccess-url=\"\"\n>\n\t<sc-form>\n\t\t\t\t\t<sc-checkbox name=\"get_feedback\" value=\"Feedback\" style=\"display: none !important;\"><\/sc-checkbox>\n\t\t\t\t\n\n<sc-customer-firstname label=\"Fornavn\" required class=\"wp-block-surecart-first-name\"><\/sc-customer-firstname>\n\n\n\n<sc-customer-lastname label=\"Efternavn\" required class=\"wp-block-surecart-last-name\"><\/sc-customer-lastname>\n\n\n\t\t<sc-order-shipping-address\n\t\t\tlabel=\"Land\"\n\t\t\tfull\t\t\t\t\t\t\t\t\trequired=\"true\"\n\t\t\tdefault-country=\"DK\"\n\t\t><\/sc-order-shipping-address>\n\t\t\n\n\n\t\t<sc-customer-email\n\t\t\tclass=\"\"\n\t\t\tlabel=\"E-mail\"\n\t\t\t\t\t\t\t\t\t\t\t\t\t\t\trequired\n\t\t\tautocomplete='email'\n\t\t\tinputmode='email'\n\t\t>\n\t\t<\/sc-customer-email>\n\n\t\t\n\n\n\t\t<sc-order-password\n\t\t\ttype=\"password\"\n\t\t\tname=\"password\"\n\t\t\tclass=\"\"\n\t\t\tlabel=\"Opret et Password\"\n\t\t\thelp=\"\"\n\t\t\tautofocus=\"\"\n\t\t\tmaxlength=\"\"\n\t\t\tminlength=\"\"\n\t\t\tplaceholder=\"\"\n\t\t\tshowLabel=\"1\"\n\t\t\tsize=\"\"\n\t\t\tvalue=\"\"\n\t\t\trequired=\"true\"\n\t\t\tconfirmation=\"true\"\n\t\t\tconfirmation-label=\"Gentag Password\"\n\t\t\tconfirmation-placeholder=\"\"\n\t\t\tconfirmation-help=\"\"\n\t\t\tenable-validation=\"true\"\n\t\t>\n\t\t<\/sc-order-password>\n\n\t\t\n\n\n\t\t<sc-payment\n\t\t\tid=\"sc-payment-0\"\n\t\t\tclass=\"\"\n\t\t>\n\t\t\t\t\t\t\t<sc-stripe-payment-element slot=\"stripe\"><\/sc-stripe-payment-element>\n\t\t\t\n\t\t\t\t\t<\/sc-payment>\n\t\t\n\n\n<sc-switch name=\"switch\" value=\"on\" class=\"wp-block-surecart-switch\">Jeg accepterer SHAPEYourFutureLifes <a href=\"https:\/\/shapeyourfuturelife.org\/da\/vilkaar-og-betingelser\/\" target=\"_blank\" rel=\"noreferrer noopener\">vilk\u00e5r og betingelser<\/a>. <\/sc-switch>\n\n\n\t\t<sc-order-submit\n\t\t\ttype=\"primary\"\n\t\t\tfull=\"true\"\n\t\t\tsize=\"large\"\n\t\t\t\t\t\tshow-total=\"false\"\n\t\t\tsecure-notice=\"false\"\n\t\t\tsecure-notice-text=\"This is a secure, encrypted payment.\"\n\t\t\t\t\t\t\t\t\tclass=\"wp-block-surecart-submit\"\n\t\t>Tilmeld GRATIS Medlemskab<\/sc-order-submit>\n\t\t\n\t<\/sc-form>\n<\/sc-checkout>\n\t\t\t\t<\/div>\n\t\t\t\t<\/div>\n\t\t\t\t<\/div>\n\t\t\t\t\t<\/div>\n\t\t\t\t<\/div>\n\t\t\t\t<\/div>\n\t\t","protected":false},"excerpt":{"rendered":"<p>Bliv medlem og f\u00e5 fuld adgang til websidens artikler og hj\u00e6lpev\u00e6rkt\u00f8jer. Det er GRATIS! Et medlemskab af SHAPE Your Future Life er GRATIS, og giver dig en r\u00e6kke personlige fordele. Ved at blive en del af vores f\u00e6llesskab spiller du en afg\u00f8rende rolle i at fremme vores mission om at formidle evidensbaseret viden, der fremmer [&hellip;]<\/p>\n","protected":false},"author":1,"featured_media":0,"parent":0,"menu_order":0,"comment_status":"closed","ping_status":"closed","template":"elementor_header_footer","meta":{"_surecart_dashboard_logo_width":"180px","_surecart_dashboard_show_logo":true,"_surecart_dashboard_navigation_orders":true,"_surecart_dashboard_navigation_invoices":true,"_surecart_dashboard_navigation_subscriptions":true,"_surecart_dashboard_navigation_downloads":true,"_surecart_dashboard_navigation_billing":true,"_surecart_dashboard_navigation_account":true,"wprm-recipe-roundup-name":"","wprm-recipe-roundup-description":"","footnotes":""},"class_list":["post-25048","page","type-page","status-publish","hentry"],"blocksy_meta":[],"_links":{"self":[{"href":"https:\/\/shapeyourfuturelife.org\/da\/wp-json\/wp\/v2\/pages\/25048","targetHints":{"allow":["GET"]}}],"collection":[{"href":"https:\/\/shapeyourfuturelife.org\/da\/wp-json\/wp\/v2\/pages"}],"about":[{"href":"https:\/\/shapeyourfuturelife.org\/da\/wp-json\/wp\/v2\/types\/page"}],"author":[{"embeddable":true,"href":"https:\/\/shapeyourfuturelife.org\/da\/wp-json\/wp\/v2\/users\/1"}],"replies":[{"embeddable":true,"href":"https:\/\/shapeyourfuturelife.org\/da\/wp-json\/wp\/v2\/comments?post=25048"}],"version-history":[{"count":19,"href":"https:\/\/shapeyourfuturelife.org\/da\/wp-json\/wp\/v2\/pages\/25048\/revisions"}],"predecessor-version":[{"id":25187,"href":"https:\/\/shapeyourfuturelife.org\/da\/wp-json\/wp\/v2\/pages\/25048\/revisions\/25187"}],"wp:attachment":[{"href":"https:\/\/shapeyourfuturelife.org\/da\/wp-json\/wp\/v2\/media?parent=25048"}],"curies":[{"name":"wp","href":"https:\/\/api.w.org\/{rel}","templated":true}]}}