{"id":24794,"date":"2023-10-27T07:35:14","date_gmt":"2023-10-27T05:35:14","guid":{"rendered":"https:\/\/shapeyourfuturelife.org\/stig-dalager\/"},"modified":"2024-09-03T09:22:17","modified_gmt":"2024-09-03T07:22:17","slug":"stig-dalager","status":"publish","type":"page","link":"https:\/\/shapeyourfuturelife.org\/da\/stig-dalager\/","title":{"rendered":"Stig Dalager"},"content":{"rendered":"\t\t<div data-elementor-type=\"wp-page\" data-elementor-id=\"24794\" class=\"elementor elementor-24794\" data-elementor-post-type=\"page\">\n\t\t\t\t<div class=\"elementor-element elementor-element-0abc561 e-flex e-con-boxed e-con e-parent\" data-id=\"0abc561\" data-element_type=\"container\" data-e-type=\"container\" data-settings=\"{&quot;jet_parallax_layout_list&quot;:[]}\">\n\t\t\t\t\t<div class=\"e-con-inner\">\n\t\t<div class=\"elementor-element elementor-element-ce6ac4e e-con-full e-flex e-con e-child\" data-id=\"ce6ac4e\" data-element_type=\"container\" data-e-type=\"container\" data-settings=\"{&quot;background_background&quot;:&quot;classic&quot;,&quot;jet_parallax_layout_list&quot;:[]}\">\n\t\t<div class=\"elementor-element elementor-element-0a7d3f9 e-con-full e-flex e-con e-child\" data-id=\"0a7d3f9\" data-element_type=\"container\" data-e-type=\"container\" data-settings=\"{&quot;background_background&quot;:&quot;classic&quot;,&quot;jet_parallax_layout_list&quot;:[]}\">\n\t\t\t\t<div class=\"elementor-element elementor-element-54f8312 elementor-widget elementor-widget-heading\" data-id=\"54f8312\" data-element_type=\"widget\" data-e-type=\"widget\" data-widget_type=\"heading.default\">\n\t\t\t\t<div class=\"elementor-widget-container\">\n\t\t\t\t\t<h1 class=\"elementor-heading-title elementor-size-default\">Stig Dalager<\/h1>\t\t\t\t<\/div>\n\t\t\t\t<\/div>\n\t\t\t\t<div class=\"elementor-element elementor-element-6abd7a6 elementor-widget elementor-widget-heading\" data-id=\"6abd7a6\" data-element_type=\"widget\" data-e-type=\"widget\" data-widget_type=\"heading.default\">\n\t\t\t\t<div class=\"elementor-widget-container\">\n\t\t\t\t\t<p class=\"elementor-heading-title elementor-size-default\">Forfatter og r\u00e5dgiver<\/p>\t\t\t\t<\/div>\n\t\t\t\t<\/div>\n\t\t\t\t<div class=\"elementor-element elementor-element-7a91548 elementor-shape-circle e-grid-align-left elementor-grid-0 elementor-widget elementor-widget-social-icons\" data-id=\"7a91548\" data-element_type=\"widget\" data-e-type=\"widget\" data-widget_type=\"social-icons.default\">\n\t\t\t\t<div class=\"elementor-widget-container\">\n\t\t\t\t\t\t\t<div class=\"elementor-social-icons-wrapper elementor-grid\" role=\"list\">\n\t\t\t\t\t\t\t<span class=\"elementor-grid-item\" role=\"listitem\">\n\t\t\t\t\t<a class=\"elementor-icon elementor-social-icon elementor-social-icon-wordpress elementor-repeater-item-22eb7f1\" href=\"http:\/\/www.stigdalager.dk\/\" target=\"_blank\" rel=\"noopener\">\n\t\t\t\t\t\t<span class=\"elementor-screen-only\">WordPress<\/span>\n\t\t\t\t\t\t<i aria-hidden=\"true\" class=\"fab fa-wordpress\"><\/i>\t\t\t\t\t<\/a>\n\t\t\t\t<\/span>\n\t\t\t\t\t\t\t<span class=\"elementor-grid-item\" role=\"listitem\">\n\t\t\t\t\t<a class=\"elementor-icon elementor-social-icon elementor-social-icon-linkedin-in elementor-repeater-item-a2992ae\" href=\"https:\/\/www.linkedin.com\/in\/stig-dalager-4874367\/\" target=\"_blank\" rel=\"noopener\">\n\t\t\t\t\t\t<span class=\"elementor-screen-only\">Linkedin-in<\/span>\n\t\t\t\t\t\t<i aria-hidden=\"true\" class=\"fab fa-linkedin-in\"><\/i>\t\t\t\t\t<\/a>\n\t\t\t\t<\/span>\n\t\t\t\t\t\t\t<span class=\"elementor-grid-item\" role=\"listitem\">\n\t\t\t\t\t<a class=\"elementor-icon elementor-social-icon elementor-social-icon-wikipedia-w elementor-repeater-item-e0eb5c5\" href=\"https:\/\/da.wikipedia.org\/wiki\/Stig_Dalager\" target=\"_blank\" rel=\"noopener\">\n\t\t\t\t\t\t<span class=\"elementor-screen-only\">Wikipedia-w<\/span>\n\t\t\t\t\t\t<i aria-hidden=\"true\" class=\"fab fa-wikipedia-w\"><\/i>\t\t\t\t\t<\/a>\n\t\t\t\t<\/span>\n\t\t\t\t\t<\/div>\n\t\t\t\t\t\t<\/div>\n\t\t\t\t<\/div>\n\t\t\t\t<\/div>\n\t\t<div class=\"elementor-element elementor-element-bc59ad5 e-con-full e-flex e-con e-child\" data-id=\"bc59ad5\" data-element_type=\"container\" data-e-type=\"container\" data-settings=\"{&quot;background_background&quot;:&quot;classic&quot;,&quot;jet_parallax_layout_list&quot;:[]}\">\n\t\t\t\t<div class=\"elementor-element elementor-element-b98f02f dce_masking-none elementor-widget elementor-widget-image\" data-id=\"b98f02f\" data-element_type=\"widget\" data-e-type=\"widget\" data-widget_type=\"image.default\">\n\t\t\t\t<div class=\"elementor-widget-container\">\n\t\t\t\t\t\t\t\t\t\t\t\t\t\t\t<img fetchpriority=\"high\" decoding=\"async\" width=\"620\" height=\"620\" src=\"https:\/\/shapeyourfuturelife.org\/wp-content\/uploads\/2023\/10\/Stig-Dalager.jpg\" class=\"attachment-large size-large wp-image-21442\" alt=\"\" srcset=\"https:\/\/shapeyourfuturelife.org\/wp-content\/uploads\/2023\/10\/Stig-Dalager.jpg 620w, https:\/\/shapeyourfuturelife.org\/wp-content\/uploads\/2023\/10\/Stig-Dalager-300x300.jpg 300w, https:\/\/shapeyourfuturelife.org\/wp-content\/uploads\/2023\/10\/Stig-Dalager-150x150.jpg 150w, https:\/\/shapeyourfuturelife.org\/wp-content\/uploads\/2023\/10\/Stig-Dalager-500x500.jpg 500w, https:\/\/shapeyourfuturelife.org\/wp-content\/uploads\/2023\/10\/Stig-Dalager-330x330.jpg 330w\" sizes=\"(max-width: 620px) 100vw, 620px\" \/>\t\t\t\t\t\t\t\t\t\t\t\t\t\t\t<\/div>\n\t\t\t\t<\/div>\n\t\t\t\t<\/div>\n\t\t\t\t<\/div>\n\t\t\t\t<div class=\"elementor-element elementor-element-1b35c63 elementor-widget elementor-widget-text-editor\" data-id=\"1b35c63\" data-element_type=\"widget\" data-e-type=\"widget\" data-widget_type=\"text-editor.default\">\n\t\t\t\t<div class=\"elementor-widget-container\">\n\t\t\t\t\t\t\t\t\t<p>Stig Dalager er en dansk forfatter. Dalager bor i K\u00f8benhavn og debuterede som forfatter i 1980. Siden da har han skrevet adskillige v\u00e6rker, der sp\u00e6nder over forskellige litter\u00e6re genrer. Flere af Dalagers skuespil og romaner er blevet oversat til flere sprog, herunder den dokumentariske roman &#8220;To dage i juli&#8221; om 20. juli-attentatet i 1944 i Tyskland, &#8220;Rejse i bl\u00e5t&#8221; om H.C. Andersen og &#8220;Skyggeland,&#8221; der skal filmatiseres p\u00e5 engelsk. Dalagers romaner og skuespil er blevet udgivet og\/eller opf\u00f8rt i 34 lande.<\/p><p>I 1990&#8217;erne opn\u00e5ede Dalager international teatersucces med Sarajevo-monologen &#8220;Jeg t\u00e6ller timerne,&#8221; som blev efterfulgt af stykket &#8220;Dr\u00f8mmen,&#8221; der havde premiere i New York i 1999 og senere blev opf\u00f8rt i Odense, K\u00f8benhavn, Moskva og Lodz.<\/p><p>I 2003 producerede Dalager dokumentarfilmen &#8220;M\u00f8rke og forsoning&#8221; om den israelsk-pal\u00e6stinensiske konflikt.<\/p><p>Romanerne &#8220;Glemsel og erindring,&#8221; &#8220;Davids bog,&#8221; prosatrilogien &#8220;Tilf\u00e6ldige forbindelser,&#8221; romanen om H.C. Andersen &#8220;Rejse i bl\u00e5t&#8221; (nominering til den internationale IMPAC-pris i 2008), &#8220;Skyggeland&#8221; (om angrebet p\u00e5 World Trade Center i New York den 11. september 2001) og &#8220;Det bl\u00e5 lys&#8221; (om Marie Curie) er blandt Stig Dalagers mest l\u00e6ste og kendte prosav\u00e6rker. Den syvdelte roman &#8220;Broerne til verden,&#8221; hvoraf &#8220;Labyrinten&#8221; er 2. bind og &#8220;Skyggeland&#8221; er 3. selvst\u00e6ndige bind, blev beskrevet som &#8220;verdenslitteratur&#8221; (i Goethes forstand) af den f\u00f8rende svenske avis &#8220;Dagens Nyheter&#8221; i 2011.<\/p><p>I efter\u00e5ret 2005 udkom &#8220;Labyrinten&#8221; (med handlingen sat i Wien 1993-94), som er andet bind i romantrilogien &#8220;Glemsel og erindring.&#8221; Det tredje bind, &#8220;Skyggeland,&#8221; udkom den 11. september 2007 og fokuserer p\u00e5 terrorangrebet p\u00e5 World Trade Center i New York den 11. september 2001. Det fjerde bind, &#8220;Lyset kommer langsomt,&#8221; udkom i 2009 og foreg\u00e5r i Baghdad og New York i 2004 og London i 2005, og omhandler Irakkrigen og terrorangrebene p\u00e5 Londons undergrundsstationer. Det femte og sidste bind, &#8220;Den lange dag,&#8221; udkom i marts 2011 og foreg\u00e5r i Danmark under Muhammed-krisen i 2006. &#8220;Det bl\u00e5 lys,&#8221; en roman om Marie Curie, udkom i august 2012, og &#8220;Evigheden i \u00f8jeblikket,&#8221; en roman om S\u00f8ren Kierkegaard, udkom i maj 2013. Dalagers romaner og skuespil er blevet udgivet\/produceret i i alt 30 lande, herunder kommende udgivelser i arabiske lande og Iran. I 2015 udkom &#8220;Den endel\u00f8se rejse,&#8221; der fokuserer p\u00e5 den svenske diplomat Raoul Wallenbergs indsats for at redde titusindvis af ungarske j\u00f8der i Budapest under Anden Verdenskrig og hans tragiske sk\u00e6bne i det sovjetiske Gulag-system. I 2017 udkom romanen &#8220;Kvinde i et \u00e5rhundrede,&#8221; som fokuserer p\u00e5 Elisabeth af B\u00f8hmen, en af Europas f\u00f8rste kvindelige filosoffer, is\u00e6r hendes forhold til den franske filosof Ren\u00e9 Descartes, samt fort\u00e6llingen &#8220;Rabbiens sidste dage&#8221; med 30 tegninger af Martin Bigum, en nyfortolkning af fort\u00e6llingen om Jesus fra Nazareth. Desuden havde stykket &#8220;Rejse i lys og skygge&#8221; verdenspremiere i New York i marts 2017. I 2020 udkommer Dalagers nye roman &#8220;Kaos og verden,&#8221; som skildrer en historie sat i USA under Trumps f\u00f8rste hundrede dage som pr\u00e6sident og fokuserer p\u00e5 temaet kunstig intelligens. &#8220;Kaos og verden&#8221; er det 7. selvst\u00e6ndige bind i Dalagers romancyklus &#8220;Broerne til verden.&#8221;<\/p><p>Stig Dalagers skuespil opbevares i Dramatisk Bibliotek p\u00e5 Det Kongelige Bibliotek. I 2005 modtog Dalager prisen for livslang kunstnerisk fortjeneste fra Statens Kunstfond.<\/p>\t\t\t\t\t\t\t\t<\/div>\n\t\t\t\t<\/div>\n\t\t\t\t\t<\/div>\n\t\t\t\t<\/div>\n\t\t\t\t<\/div>\n\t\t","protected":false},"excerpt":{"rendered":"<p>Forfatter og r\u00e5dgiver Wordpress Linkedin-in Wikipedia-w Stig Dalager er en dansk forfatter. Dalager bor i K\u00f8benhavn og debuterede som forfatter i 1980. Siden da har han skrevet adskillige v\u00e6rker, der sp\u00e6nder over forskellige litter\u00e6re genrer. Flere af Dalagers skuespil og romaner er blevet oversat til flere sprog, herunder den dokumentariske roman &#8220;To dage i juli&#8221; [&hellip;]<\/p>\n","protected":false},"author":1,"featured_media":0,"parent":0,"menu_order":0,"comment_status":"closed","ping_status":"closed","template":"elementor_header_footer","meta":{"_surecart_dashboard_logo_width":"180px","_surecart_dashboard_show_logo":true,"_surecart_dashboard_navigation_orders":true,"_surecart_dashboard_navigation_invoices":true,"_surecart_dashboard_navigation_subscriptions":true,"_surecart_dashboard_navigation_downloads":true,"_surecart_dashboard_navigation_billing":true,"_surecart_dashboard_navigation_account":true,"wprm-recipe-roundup-name":"","wprm-recipe-roundup-description":"","footnotes":""},"class_list":["post-24794","page","type-page","status-publish","hentry"],"blocksy_meta":[],"_links":{"self":[{"href":"https:\/\/shapeyourfuturelife.org\/da\/wp-json\/wp\/v2\/pages\/24794","targetHints":{"allow":["GET"]}}],"collection":[{"href":"https:\/\/shapeyourfuturelife.org\/da\/wp-json\/wp\/v2\/pages"}],"about":[{"href":"https:\/\/shapeyourfuturelife.org\/da\/wp-json\/wp\/v2\/types\/page"}],"author":[{"embeddable":true,"href":"https:\/\/shapeyourfuturelife.org\/da\/wp-json\/wp\/v2\/users\/1"}],"replies":[{"embeddable":true,"href":"https:\/\/shapeyourfuturelife.org\/da\/wp-json\/wp\/v2\/comments?post=24794"}],"version-history":[{"count":7,"href":"https:\/\/shapeyourfuturelife.org\/da\/wp-json\/wp\/v2\/pages\/24794\/revisions"}],"predecessor-version":[{"id":37594,"href":"https:\/\/shapeyourfuturelife.org\/da\/wp-json\/wp\/v2\/pages\/24794\/revisions\/37594"}],"wp:attachment":[{"href":"https:\/\/shapeyourfuturelife.org\/da\/wp-json\/wp\/v2\/media?parent=24794"}],"curies":[{"name":"wp","href":"https:\/\/api.w.org\/{rel}","templated":true}]}}