{"id":24793,"date":"2023-10-27T07:34:43","date_gmt":"2023-10-27T05:34:43","guid":{"rendered":"https:\/\/shapeyourfuturelife.org\/frederic-hamburger\/"},"modified":"2024-09-03T09:14:12","modified_gmt":"2024-09-03T07:14:12","slug":"frederic-hamburger","status":"publish","type":"page","link":"https:\/\/shapeyourfuturelife.org\/da\/frederic-hamburger\/","title":{"rendered":"Fr\u00e9d\u00e9ric Hamburger"},"content":{"rendered":"\t\t<div data-elementor-type=\"wp-page\" data-elementor-id=\"24793\" class=\"elementor elementor-24793\" data-elementor-post-type=\"page\">\n\t\t\t\t<div class=\"elementor-element elementor-element-53f7d2c e-flex e-con-boxed e-con e-parent\" data-id=\"53f7d2c\" data-element_type=\"container\" data-e-type=\"container\" data-settings=\"{&quot;jet_parallax_layout_list&quot;:[]}\">\n\t\t\t\t\t<div class=\"e-con-inner\">\n\t\t<div class=\"elementor-element elementor-element-f4d28c6 e-con-full e-flex e-con e-child\" data-id=\"f4d28c6\" data-element_type=\"container\" data-e-type=\"container\" data-settings=\"{&quot;background_background&quot;:&quot;classic&quot;,&quot;jet_parallax_layout_list&quot;:[]}\">\n\t\t<div class=\"elementor-element elementor-element-b0f3242 e-con-full e-flex e-con e-child\" data-id=\"b0f3242\" data-element_type=\"container\" data-e-type=\"container\" data-settings=\"{&quot;background_background&quot;:&quot;classic&quot;,&quot;jet_parallax_layout_list&quot;:[]}\">\n\t\t\t\t<div class=\"elementor-element elementor-element-2b2d5ad elementor-widget elementor-widget-heading\" data-id=\"2b2d5ad\" data-element_type=\"widget\" data-e-type=\"widget\" data-widget_type=\"heading.default\">\n\t\t\t\t<div class=\"elementor-widget-container\">\n\t\t\t\t\t<h1 class=\"elementor-heading-title elementor-size-default\">Fr\u00e9d\u00e9ric Hamburger<\/h1>\t\t\t\t<\/div>\n\t\t\t\t<\/div>\n\t\t\t\t<div class=\"elementor-element elementor-element-f44be4d elementor-widget elementor-widget-heading\" data-id=\"f44be4d\" data-element_type=\"widget\" data-e-type=\"widget\" data-widget_type=\"heading.default\">\n\t\t\t\t<div class=\"elementor-widget-container\">\n\t\t\t\t\t<p class=\"elementor-heading-title elementor-size-default\"><b>Advisor&lt;\/b\/<\/p>\t\t\t\t<\/div>\n\t\t\t\t<\/div>\n\t\t\t\t<div class=\"elementor-element elementor-element-09dec9a elementor-shape-circle e-grid-align-left elementor-grid-0 elementor-widget elementor-widget-social-icons\" data-id=\"09dec9a\" data-element_type=\"widget\" data-e-type=\"widget\" data-widget_type=\"social-icons.default\">\n\t\t\t\t<div class=\"elementor-widget-container\">\n\t\t\t\t\t\t\t<div class=\"elementor-social-icons-wrapper elementor-grid\" role=\"list\">\n\t\t\t\t\t\t\t<span class=\"elementor-grid-item\" role=\"listitem\">\n\t\t\t\t\t<a class=\"elementor-icon elementor-social-icon elementor-social-icon-linkedin-in elementor-repeater-item-a2992ae\" href=\"https:\/\/www.linkedin.com\/in\/frederic-hamburger\/\" target=\"_blank\" rel=\"noopener\">\n\t\t\t\t\t\t<span class=\"elementor-screen-only\">Linkedin-in<\/span>\n\t\t\t\t\t\t<i aria-hidden=\"true\" class=\"fab fa-linkedin-in\"><\/i>\t\t\t\t\t<\/a>\n\t\t\t\t<\/span>\n\t\t\t\t\t\t\t<span class=\"elementor-grid-item\" role=\"listitem\">\n\t\t\t\t\t<a class=\"elementor-icon elementor-social-icon elementor-social-icon-twitter elementor-repeater-item-a047a13\" target=\"_blank\">\n\t\t\t\t\t\t<span class=\"elementor-screen-only\">Twitter<\/span>\n\t\t\t\t\t\t<i aria-hidden=\"true\" class=\"fab fa-twitter\"><\/i>\t\t\t\t\t<\/a>\n\t\t\t\t<\/span>\n\t\t\t\t\t\t\t<span class=\"elementor-grid-item\" role=\"listitem\">\n\t\t\t\t\t<a class=\"elementor-icon elementor-social-icon elementor-social-icon-envelope elementor-repeater-item-84a186c\" target=\"_blank\">\n\t\t\t\t\t\t<span class=\"elementor-screen-only\">Envelope<\/span>\n\t\t\t\t\t\t<i aria-hidden=\"true\" class=\"fas fa-envelope\"><\/i>\t\t\t\t\t<\/a>\n\t\t\t\t<\/span>\n\t\t\t\t\t<\/div>\n\t\t\t\t\t\t<\/div>\n\t\t\t\t<\/div>\n\t\t\t\t<\/div>\n\t\t<div class=\"elementor-element elementor-element-1e04ebc e-con-full e-flex e-con e-child\" data-id=\"1e04ebc\" data-element_type=\"container\" data-e-type=\"container\" data-settings=\"{&quot;background_background&quot;:&quot;classic&quot;,&quot;jet_parallax_layout_list&quot;:[]}\">\n\t\t\t\t<div class=\"elementor-element elementor-element-5cd3749 dce_masking-none elementor-widget elementor-widget-image\" data-id=\"5cd3749\" data-element_type=\"widget\" data-e-type=\"widget\" data-widget_type=\"image.default\">\n\t\t\t\t<div class=\"elementor-widget-container\">\n\t\t\t\t\t\t\t\t\t\t\t\t\t\t\t<img fetchpriority=\"high\" decoding=\"async\" width=\"768\" height=\"768\" src=\"https:\/\/shapeyourfuturelife.org\/wp-content\/uploads\/2023\/10\/frederic-hamburger.jpg\" class=\"attachment-large size-large wp-image-21436\" alt=\"\" srcset=\"https:\/\/shapeyourfuturelife.org\/wp-content\/uploads\/2023\/10\/frederic-hamburger.jpg 768w, https:\/\/shapeyourfuturelife.org\/wp-content\/uploads\/2023\/10\/frederic-hamburger-300x300.jpg 300w, https:\/\/shapeyourfuturelife.org\/wp-content\/uploads\/2023\/10\/frederic-hamburger-150x150.jpg 150w, https:\/\/shapeyourfuturelife.org\/wp-content\/uploads\/2023\/10\/frederic-hamburger-500x500.jpg 500w, https:\/\/shapeyourfuturelife.org\/wp-content\/uploads\/2023\/10\/frederic-hamburger-330x330.jpg 330w, https:\/\/shapeyourfuturelife.org\/wp-content\/uploads\/2023\/10\/frederic-hamburger-660x660.jpg 660w\" sizes=\"(max-width: 768px) 100vw, 768px\" \/>\t\t\t\t\t\t\t\t\t\t\t\t\t\t\t<\/div>\n\t\t\t\t<\/div>\n\t\t\t\t<\/div>\n\t\t\t\t<\/div>\n\t\t\t\t<div class=\"elementor-element elementor-element-13a2fea elementor-widget elementor-widget-text-editor\" data-id=\"13a2fea\" data-element_type=\"widget\" data-e-type=\"widget\" data-widget_type=\"text-editor.default\">\n\t\t\t\t<div class=\"elementor-widget-container\">\n\t\t\t\t\t\t\t\t\t<p>Som indehaver af en bachelorgrad i Business Management og Administration fra Frankrig (Grenoble) og en kandidatgrad i Business erhvervet i Tyskland (Diplom Betriebswirt \u2013 Albstadt Sigmaringen), har jeg dedikeret st\u00f8rstedelen af min karriere til at besidde lederstillinger inden for ledelse og salg i forskellige internationale virksomheder, der opererer i forskellige sektorer i Danmark.<\/p><p>Min professionelle rejse begyndte i 1998 inden for fotovoltaisk teknologi og skiftede senere til salg og forretning. I l\u00f8bet af denne periode har jeg konstant n\u00e6ret en urokkelig ambition, overbevist om, at succes var uadskilleligt fra status og \u00f8konomisk velstand. Men over tid f\u00f8lte jeg gradvist en uoverensstemmelse mellem mine professionelle aktiviteter og mine personlige overbevisninger. Jeg blev dybt engageret i at bek\u00e6mpe klima\u00e6ndringer og et samfundssystem, der blev stadig mere skadeligt, hvor vores vaner i h\u00f8j grad blev dikteret af profitdrevne multinationale selskaber, ofte p\u00e5 bekostning af sundhed, kollektivt velv\u00e6re og milj\u00f8beskyttelse.<\/p><p>Det var i september 2016, at jeg tog beslutningen om at \u00e5bne den allerf\u00f8rste 100% \u00f8kologiske og emballagefrie butik i K\u00f8benhavn (L\u00d8S Market p\u00e5 Vesterbro). Mit m\u00e5l var at \u00e6ndre vores forbrugsvaner og bidrage til at vejlede det urbane samfund mod en mere afbalanceret kost, fremme lokale produkter, reducere k\u00f8dforbruget og favorisere en mere plantebaseret kost, samtidig med at give mulighed for at reducere borgernes daglige milj\u00f8p\u00e5virkning. Denne f\u00f8rste butik blev efterfulgt af yderligere \u00e5bninger p\u00e5 N\u00f8rrebro og \u00d8sterbro i 2019.<\/p><p>Desv\u00e6rre, p\u00e5 grund af COVID-19 pandemien og konflikten i Ukraine, som f\u00f8rte til en betydelig stigning i priserne, faldt vores kundebase betragteligt. Desv\u00e6rre opgav forbrugerne \u00f8kologiske produkter til fordel for konventionelle, hvor \u00f8konomiske overvejelser fik forrang. Det var derfor med stor sorg, at jeg m\u00e5tte lukke L\u00d8S Market i december 2022 og bukke under for kapitalismens indflydelse.<\/p><p>Ikke desto mindre lever h\u00e5bet videre, og mit engagement i en sundere, mere tilfredsstillende og milj\u00f8m\u00e6ssigt respektfuld livsstil forbliver urokkeligt. Mit m\u00f8de med Anne og Per Roslind Leth-Nissen har genant\u00e6ndt dette h\u00e5b, da deres vision stemmer t\u00e6t overens med min egen: at yde vores f\u00e6lles indsats for at afvige fra vores nuv\u00e6rende kurs og bev\u00e6ge os mod et liv fyldt med lykke, balance og harmoni mellem menneske og natur.<\/p><p>Min tilknytning til SHAPE er et utvetydigt engagement, da denne f\u00e6llesskabsplatform er baseret p\u00e5 robuste videnskabelige principper, uafh\u00e6ngigt af studier, der ofte er p\u00e5virket af industriens lobbyvirksomhed. Vores m\u00e5l er det, som hver enkelt af os str\u00e6ber efter at opn\u00e5: at frig\u00f8re os fra byrderne i dagligdagen og have et konkret v\u00e6rkt\u00f8j til kollektivt at \u00e6ndre kurs.<\/p><p>SHAPE er virkelig en agent for denne transformation. Jeg er dybt stolt af at v\u00e6re en del af dette team, og jeg lover at arbejde utr\u00e6tteligt for at sikre, at SHAPE trives, samtidig med at jeg respekterer alle livsformer og fremmer en mere oplyst og afbalanceret menneskehed, b\u00e5de fysisk og mentalt.<\/p>\t\t\t\t\t\t\t\t<\/div>\n\t\t\t\t<\/div>\n\t\t\t\t\t<\/div>\n\t\t\t\t<\/div>\n\t\t\t\t<\/div>\n\t\t","protected":false},"excerpt":{"rendered":"<p>Advisor<\/p>\n","protected":false},"author":1,"featured_media":0,"parent":0,"menu_order":0,"comment_status":"closed","ping_status":"closed","template":"elementor_header_footer","meta":{"_surecart_dashboard_logo_width":"180px","_surecart_dashboard_show_logo":true,"_surecart_dashboard_navigation_orders":true,"_surecart_dashboard_navigation_invoices":true,"_surecart_dashboard_navigation_subscriptions":true,"_surecart_dashboard_navigation_downloads":true,"_surecart_dashboard_navigation_billing":true,"_surecart_dashboard_navigation_account":true,"wprm-recipe-roundup-name":"","wprm-recipe-roundup-description":"","footnotes":""},"class_list":["post-24793","page","type-page","status-publish","hentry"],"blocksy_meta":[],"_links":{"self":[{"href":"https:\/\/shapeyourfuturelife.org\/da\/wp-json\/wp\/v2\/pages\/24793","targetHints":{"allow":["GET"]}}],"collection":[{"href":"https:\/\/shapeyourfuturelife.org\/da\/wp-json\/wp\/v2\/pages"}],"about":[{"href":"https:\/\/shapeyourfuturelife.org\/da\/wp-json\/wp\/v2\/types\/page"}],"author":[{"embeddable":true,"href":"https:\/\/shapeyourfuturelife.org\/da\/wp-json\/wp\/v2\/users\/1"}],"replies":[{"embeddable":true,"href":"https:\/\/shapeyourfuturelife.org\/da\/wp-json\/wp\/v2\/comments?post=24793"}],"version-history":[{"count":7,"href":"https:\/\/shapeyourfuturelife.org\/da\/wp-json\/wp\/v2\/pages\/24793\/revisions"}],"predecessor-version":[{"id":37591,"href":"https:\/\/shapeyourfuturelife.org\/da\/wp-json\/wp\/v2\/pages\/24793\/revisions\/37591"}],"wp:attachment":[{"href":"https:\/\/shapeyourfuturelife.org\/da\/wp-json\/wp\/v2\/media?parent=24793"}],"curies":[{"name":"wp","href":"https:\/\/api.w.org\/{rel}","templated":true}]}}