{"id":24788,"date":"2023-10-27T07:34:06","date_gmt":"2023-10-27T05:34:06","guid":{"rendered":"https:\/\/shapeyourfuturelife.org\/kirsten-skaarup\/"},"modified":"2023-11-16T12:40:45","modified_gmt":"2023-11-16T11:40:45","slug":"kirsten-skaarup","status":"publish","type":"page","link":"https:\/\/shapeyourfuturelife.org\/da\/kirsten-skaarup\/","title":{"rendered":"Kirsten Skaarup"},"content":{"rendered":"\t\t<div data-elementor-type=\"wp-page\" data-elementor-id=\"24788\" class=\"elementor elementor-24788\" data-elementor-post-type=\"page\">\n\t\t\t\t<div class=\"elementor-element elementor-element-58195b0 e-flex e-con-boxed e-con e-parent\" data-id=\"58195b0\" data-element_type=\"container\" data-e-type=\"container\" data-settings=\"{&quot;jet_parallax_layout_list&quot;:[]}\">\n\t\t\t\t\t<div class=\"e-con-inner\">\n\t\t<div class=\"elementor-element elementor-element-c8a1a87 e-con-full e-flex e-con e-child\" data-id=\"c8a1a87\" data-element_type=\"container\" data-e-type=\"container\" data-settings=\"{&quot;background_background&quot;:&quot;classic&quot;,&quot;jet_parallax_layout_list&quot;:[]}\">\n\t\t<div class=\"elementor-element elementor-element-8862243 e-con-full e-flex e-con e-child\" data-id=\"8862243\" data-element_type=\"container\" data-e-type=\"container\" data-settings=\"{&quot;background_background&quot;:&quot;classic&quot;,&quot;jet_parallax_layout_list&quot;:[]}\">\n\t\t\t\t<div class=\"elementor-element elementor-element-63b5b04 elementor-widget elementor-widget-heading\" data-id=\"63b5b04\" data-element_type=\"widget\" data-e-type=\"widget\" data-widget_type=\"heading.default\">\n\t\t\t\t<div class=\"elementor-widget-container\">\n\t\t\t\t\t<h1 class=\"elementor-heading-title elementor-size-default\">Kirsten Skaarup<\/h1>\t\t\t\t<\/div>\n\t\t\t\t<\/div>\n\t\t\t\t<div class=\"elementor-element elementor-element-11cb35f elementor-widget elementor-widget-heading\" data-id=\"11cb35f\" data-element_type=\"widget\" data-e-type=\"widget\" data-widget_type=\"heading.default\">\n\t\t\t\t<div class=\"elementor-widget-container\">\n\t\t\t\t\t<p class=\"elementor-heading-title elementor-size-default\">Forfatter og kok<\/p>\t\t\t\t<\/div>\n\t\t\t\t<\/div>\n\t\t\t\t<div class=\"elementor-element elementor-element-4cc3b07 elementor-shape-circle e-grid-align-left elementor-grid-0 elementor-widget elementor-widget-social-icons\" data-id=\"4cc3b07\" data-element_type=\"widget\" data-e-type=\"widget\" data-widget_type=\"social-icons.default\">\n\t\t\t\t<div class=\"elementor-widget-container\">\n\t\t\t\t\t\t\t<div class=\"elementor-social-icons-wrapper elementor-grid\" role=\"list\">\n\t\t\t\t\t\t\t<span class=\"elementor-grid-item\" role=\"listitem\">\n\t\t\t\t\t<a class=\"elementor-icon elementor-social-icon elementor-social-icon-wordpress elementor-repeater-item-db250f7\" href=\"https:\/\/kirstenskaarup.dk\/\" target=\"_blank\" rel=\"noopener\">\n\t\t\t\t\t\t<span class=\"elementor-screen-only\">WordPress<\/span>\n\t\t\t\t\t\t<i aria-hidden=\"true\" class=\"fab fa-wordpress\"><\/i>\t\t\t\t\t<\/a>\n\t\t\t\t<\/span>\n\t\t\t\t\t\t\t<span class=\"elementor-grid-item\" role=\"listitem\">\n\t\t\t\t\t<a class=\"elementor-icon elementor-social-icon elementor-social-icon-facebook-f elementor-repeater-item-84a186c\" href=\"https:\/\/www.facebook.com\/kirsten.skaarup.9\" target=\"_blank\" rel=\"noopener\">\n\t\t\t\t\t\t<span class=\"elementor-screen-only\">Facebook-f<\/span>\n\t\t\t\t\t\t<i aria-hidden=\"true\" class=\"fab fa-facebook-f\"><\/i>\t\t\t\t\t<\/a>\n\t\t\t\t<\/span>\n\t\t\t\t\t\t\t<span class=\"elementor-grid-item\" role=\"listitem\">\n\t\t\t\t\t<a class=\"elementor-icon elementor-social-icon elementor-social-icon-instagram elementor-repeater-item-a047a13\" href=\"https:\/\/www.instagram.com\/kirstenskaarup\/\" target=\"_blank\" rel=\"noopener\">\n\t\t\t\t\t\t<span class=\"elementor-screen-only\">Instagram<\/span>\n\t\t\t\t\t\t<i aria-hidden=\"true\" class=\"fab fa-instagram\"><\/i>\t\t\t\t\t<\/a>\n\t\t\t\t<\/span>\n\t\t\t\t\t<\/div>\n\t\t\t\t\t\t<\/div>\n\t\t\t\t<\/div>\n\t\t\t\t<\/div>\n\t\t<div class=\"elementor-element elementor-element-5369021 e-con-full e-flex e-con e-child\" data-id=\"5369021\" data-element_type=\"container\" data-e-type=\"container\" data-settings=\"{&quot;background_background&quot;:&quot;classic&quot;,&quot;jet_parallax_layout_list&quot;:[]}\">\n\t\t\t\t<div class=\"elementor-element elementor-element-12f0501 dce_masking-none elementor-widget elementor-widget-image\" data-id=\"12f0501\" data-element_type=\"widget\" data-e-type=\"widget\" data-widget_type=\"image.default\">\n\t\t\t\t<div class=\"elementor-widget-container\">\n\t\t\t\t\t\t\t\t\t\t\t\t\t\t\t<img fetchpriority=\"high\" decoding=\"async\" width=\"450\" height=\"450\" src=\"https:\/\/shapeyourfuturelife.org\/wp-content\/uploads\/2023\/10\/kirsten_skaarup.jpg\" class=\"attachment-large size-large wp-image-18466\" alt=\"\" srcset=\"https:\/\/shapeyourfuturelife.org\/wp-content\/uploads\/2023\/10\/kirsten_skaarup.jpg 450w, https:\/\/shapeyourfuturelife.org\/wp-content\/uploads\/2023\/10\/kirsten_skaarup-300x300.jpg 300w, https:\/\/shapeyourfuturelife.org\/wp-content\/uploads\/2023\/10\/kirsten_skaarup-150x150.jpg 150w, https:\/\/shapeyourfuturelife.org\/wp-content\/uploads\/2023\/10\/kirsten_skaarup-100x100.jpg 100w\" sizes=\"(max-width: 450px) 100vw, 450px\" \/>\t\t\t\t\t\t\t\t\t\t\t\t\t\t\t<\/div>\n\t\t\t\t<\/div>\n\t\t\t\t<\/div>\n\t\t\t\t<\/div>\n\t\t\t\t<div class=\"elementor-element elementor-element-b5424fe elementor-widget elementor-widget-text-editor\" data-id=\"b5424fe\" data-element_type=\"widget\" data-e-type=\"widget\" data-widget_type=\"text-editor.default\">\n\t\t\t\t<div class=\"elementor-widget-container\">\n\t\t\t\t\t\t\t\t\t<p>Grundlaget for mit arbejde og mine mere end 30 b\u00f8ger om gr\u00f8n og b\u00e6redygtig mad er \u00f8nsket om at bidrage til en renere verden, forbedre dyrevelf\u00e6rd og vise, hvor vidunderlig plantebaseret mad smager. Vi befinder os midt i en alvorlig klimakrise. Vi er tvunget til at genoverveje vores m\u00e5de at leve p\u00e5. Der er brug for flere initiativer. En af de nemmeste og mest \u00f8jeblikkelige l\u00f8sninger er at reducere vores massive dyreproduktion og forbruge mere plantebaseret mad. Landbrug tegner sig for cirka 1\/3 af klimaforandringerne. Dette inkluderer ogs\u00e5 forurening af jord, vand og luft. I dag findes der spor af pesticider i n\u00e6sten alle vandboringer. I dag har vi ikke l\u00e6ngere r\u00e5d til kun at tale om at v\u00e6lge gr\u00f8n og \u00f8kologisk mad &#8211; det er en absolut n\u00f8dvendighed. Og frygt ikke: det smager vidunderligt! Kom med p\u00e5 den gr\u00f8nne b\u00f8lge og oplev gl\u00e6den ved ikke kun at hj\u00e6lpe med at redde klimaet og dyrene, men ogs\u00e5 den dejlige lethed i krop og sj\u00e6l, som plantebaseret mad giver.<\/p><p>Et liv med mad, b\u00f8ger og rejser. Udover mad har hele min tilv\u00e6relse kredset om b\u00f8ger og rejser. Jeg har v\u00e6ret heldig at tilbringe hele mit liv i bogbranchen. F\u00f8rst som boghandler, derefter som forlagsredakt\u00f8r og senere 20 \u00e5r som uafh\u00e6ngig forl\u00e6gger med Forlaget Olivia, som jeg solgte til Politikens Forlag i 2003. Ind imellem har jeg arbejdet p\u00e5 forlag i London og M\u00fcnchen. Da jeg blev vegetar for over 50 \u00e5r siden, revolutionerede det mit liv. F\u00f8r det havde jeg ingen anelse om, hvordan mad egentlig smagte. Da jeg begyndte at spise gr\u00f8nt, oplevede jeg s\u00e5 kraftige smagsoplevelser, at jeg i bund og grund har levet for at spise i stedet for at spise for at leve siden da. Og det kan du let g\u00f8re med gr\u00f8n mad. Du skal spise bjerge af gr\u00f8ntsager for at tage p\u00e5 i v\u00e6gt. S\u00e5 hvis du har v\u00e6gtproblemer, s\u00e5 f\u00f8lg mine opskrifter. Jeg t\u00f8r godt sige, at det er en af verdens mest velsmagende og nemmeste kostvaner. Der er ingen afsavn, kun ren nydelse&#8230; Nuancerne i smagen af gr\u00f8ntsager, urter, krydderier, korn, b\u00f8nner og alle de andre fantastiske ingredienser fra Moder Jord er en stor oplevelse, n\u00e5r de tilberedes rigtigt. Jeg elsker simpelthen mad. For mig er mad kunst. Det sublime m\u00e5ltid er p\u00e5 h\u00f8jde med at st\u00e5 p\u00e5 en Himalaya-bjergtop og se solopgangen eller sidde p\u00e5 en cubansk strand og se solnedgangen. For mig bringer mad gl\u00e6de p\u00e5 linje med at lytte til en vidunderlig opera eller koncert, se fascinerende malerier, l\u00e6se en horisontudvidende bog eller nippe til en fin r\u00f8dvin med mange smagslag. God mad er en stor kunstnerisk oplevelse. Jeg er glad, n\u00e5r jeg laver mad, jeg er glad, n\u00e5r jeg spiser, men jeg er gladest, n\u00e5r jeg kan dele det med andre. Jeg har rejst til over 60 lande for at finde sunde, l\u00e6kre og sp\u00e6ndende opskrifter til det danske k\u00f8kken. Jeg har altid rejst med rygs\u00e6k under primitive forhold. Dette har givet mig mulighed for at m\u00f8de tusindvis af mennesker og blive inviteret ind i utallige udenlandske k\u00f8kkener. Denne m\u00e5de at rejse p\u00e5 gjorde mig til medlem af Danske Kvindelige Eventyrere, en eksklusiv klub, som jeg var formand for i 5 \u00e5r. Jeg har udgivet over 30 kogeb\u00f8ger gennem \u00e5rene, hvor bestselleren &#8220;Vegetarisk k\u00f8kken&#8221; er den mest popul\u00e6re med over 120.000 eksemplarer solgt. Den er ogs\u00e5 blevet udgivet i USA og Tyskland. Mine seneste udgivelser er &#8220;Klimavenlige k\u00f8dboller, b\u00f8ffer, pateer og t\u00e6rter,&#8221; udgivet i februar 2019, og &#8220;Gr\u00f8nne sandwiches,&#8221; udgivet i 2022.<\/p><p>Hovedform\u00e5let med mine gr\u00f8nne opskrifter er dyrevelf\u00e6rd. Vores nuv\u00e6rende husdyrproduktion er s\u00e5 perverteret, at sandsynligvis ville ingen spise disse dyr, hvis de vidste, hvordan de levede deres korte og miserable liv. Men klima og \u00f8kologi er ogs\u00e5 ekstremt vigtige for mig. Alt er sammenkoblet. Hvis vi spiser Moder Jord&#8217;s planter direkte i stedet for f\u00f8rst at lade dem passere gennem dyr, s\u00e5 g\u00f8r vi allerede betydelige fremskridt. Og der vil s\u00e5 v\u00e6re nok mad til alle p\u00e5 denne skr\u00f8belige lille planet. I \u00f8jeblikket sulter over en milliard mennesker. Og husk: b\u00e6redygtig mad er smuk og livfuld. Junkfood, der belaster dyr, natur og os selv, er uappetitlig.<\/p><p>Instagram: @kirstenskaarup \u2013 Blog: KirstenSkaarup.dk<\/p>\t\t\t\t\t\t\t\t<\/div>\n\t\t\t\t<\/div>\n\t\t\t\t\t<\/div>\n\t\t\t\t<\/div>\n\t\t\t\t<\/div>\n\t\t","protected":false},"excerpt":{"rendered":"<p>Forfatter og kok Wordpress Facebook-f Instagram Grundlaget for mit arbejde og mine mere end 30 b\u00f8ger om gr\u00f8n og b\u00e6redygtig mad er \u00f8nsket om at bidrage til en renere verden, forbedre dyrevelf\u00e6rd og vise, hvor vidunderlig plantebaseret mad smager. Vi befinder os midt i en alvorlig klimakrise. Vi er tvunget til at genoverveje vores m\u00e5de [&hellip;]<\/p>\n","protected":false},"author":1,"featured_media":0,"parent":0,"menu_order":0,"comment_status":"closed","ping_status":"closed","template":"elementor_header_footer","meta":{"_surecart_dashboard_logo_width":"180px","_surecart_dashboard_show_logo":true,"_surecart_dashboard_navigation_orders":true,"_surecart_dashboard_navigation_invoices":true,"_surecart_dashboard_navigation_subscriptions":true,"_surecart_dashboard_navigation_downloads":true,"_surecart_dashboard_navigation_billing":true,"_surecart_dashboard_navigation_account":true,"wprm-recipe-roundup-name":"","wprm-recipe-roundup-description":"","footnotes":""},"class_list":["post-24788","page","type-page","status-publish","hentry"],"blocksy_meta":[],"_links":{"self":[{"href":"https:\/\/shapeyourfuturelife.org\/da\/wp-json\/wp\/v2\/pages\/24788","targetHints":{"allow":["GET"]}}],"collection":[{"href":"https:\/\/shapeyourfuturelife.org\/da\/wp-json\/wp\/v2\/pages"}],"about":[{"href":"https:\/\/shapeyourfuturelife.org\/da\/wp-json\/wp\/v2\/types\/page"}],"author":[{"embeddable":true,"href":"https:\/\/shapeyourfuturelife.org\/da\/wp-json\/wp\/v2\/users\/1"}],"replies":[{"embeddable":true,"href":"https:\/\/shapeyourfuturelife.org\/da\/wp-json\/wp\/v2\/comments?post=24788"}],"version-history":[{"count":7,"href":"https:\/\/shapeyourfuturelife.org\/da\/wp-json\/wp\/v2\/pages\/24788\/revisions"}],"predecessor-version":[{"id":25286,"href":"https:\/\/shapeyourfuturelife.org\/da\/wp-json\/wp\/v2\/pages\/24788\/revisions\/25286"}],"wp:attachment":[{"href":"https:\/\/shapeyourfuturelife.org\/da\/wp-json\/wp\/v2\/media?parent=24788"}],"curies":[{"name":"wp","href":"https:\/\/api.w.org\/{rel}","templated":true}]}}