{"id":24761,"date":"2023-10-27T09:01:58","date_gmt":"2023-10-27T07:01:58","guid":{"rendered":"https:\/\/shapeyourfuturelife.org\/zeleste-mogensen\/"},"modified":"2023-11-16T12:43:37","modified_gmt":"2023-11-16T11:43:37","slug":"zeleste-mogensen","status":"publish","type":"page","link":"https:\/\/shapeyourfuturelife.org\/da\/zeleste-mogensen\/","title":{"rendered":"Zeleste Mogensen"},"content":{"rendered":"\t\t<div data-elementor-type=\"wp-page\" data-elementor-id=\"24761\" class=\"elementor elementor-24761\" data-elementor-post-type=\"page\">\n\t\t\t\t<div class=\"elementor-element elementor-element-f8b48cb e-flex e-con-boxed e-con e-parent\" data-id=\"f8b48cb\" data-element_type=\"container\" data-e-type=\"container\" data-settings=\"{&quot;jet_parallax_layout_list&quot;:[]}\">\n\t\t\t\t\t<div class=\"e-con-inner\">\n\t\t<div class=\"elementor-element elementor-element-de415dc e-con-full e-flex e-con e-child\" data-id=\"de415dc\" data-element_type=\"container\" data-e-type=\"container\" data-settings=\"{&quot;background_background&quot;:&quot;classic&quot;,&quot;jet_parallax_layout_list&quot;:[]}\">\n\t\t<div class=\"elementor-element elementor-element-b6acff2 e-con-full e-flex e-con e-child\" data-id=\"b6acff2\" data-element_type=\"container\" data-e-type=\"container\" data-settings=\"{&quot;background_background&quot;:&quot;classic&quot;,&quot;jet_parallax_layout_list&quot;:[]}\">\n\t\t\t\t<div class=\"elementor-element elementor-element-5e73e26 elementor-widget elementor-widget-heading\" data-id=\"5e73e26\" data-element_type=\"widget\" data-e-type=\"widget\" data-widget_type=\"heading.default\">\n\t\t\t\t<div class=\"elementor-widget-container\">\n\t\t\t\t\t<h1 class=\"elementor-heading-title elementor-size-default\">Zeleste Mogensen<\/h1>\t\t\t\t<\/div>\n\t\t\t\t<\/div>\n\t\t\t\t<div class=\"elementor-element elementor-element-003151d elementor-widget elementor-widget-heading\" data-id=\"003151d\" data-element_type=\"widget\" data-e-type=\"widget\" data-widget_type=\"heading.default\">\n\t\t\t\t<div class=\"elementor-widget-container\">\n\t\t\t\t\t<p class=\"elementor-heading-title elementor-size-default\">Kok<\/p>\t\t\t\t<\/div>\n\t\t\t\t<\/div>\n\t\t\t\t<div class=\"elementor-element elementor-element-a4e95df elementor-shape-circle e-grid-align-left elementor-grid-0 elementor-widget elementor-widget-social-icons\" data-id=\"a4e95df\" data-element_type=\"widget\" data-e-type=\"widget\" data-widget_type=\"social-icons.default\">\n\t\t\t\t<div class=\"elementor-widget-container\">\n\t\t\t\t\t\t\t<div class=\"elementor-social-icons-wrapper elementor-grid\" role=\"list\">\n\t\t\t\t\t\t\t<span class=\"elementor-grid-item\" role=\"listitem\">\n\t\t\t\t\t<a class=\"elementor-icon elementor-social-icon elementor-social-icon-wordpress elementor-repeater-item-22eb7f1\" href=\"http:\/\/www.stigdalager.dk\/\" target=\"_blank\" rel=\"noopener\">\n\t\t\t\t\t\t<span class=\"elementor-screen-only\">WordPress<\/span>\n\t\t\t\t\t\t<i aria-hidden=\"true\" class=\"fab fa-wordpress\"><\/i>\t\t\t\t\t<\/a>\n\t\t\t\t<\/span>\n\t\t\t\t\t\t\t<span class=\"elementor-grid-item\" role=\"listitem\">\n\t\t\t\t\t<a class=\"elementor-icon elementor-social-icon elementor-social-icon-linkedin-in elementor-repeater-item-a2992ae\" href=\"https:\/\/www.linkedin.com\/in\/stig-dalager-4874367\/\" target=\"_blank\" rel=\"noopener\">\n\t\t\t\t\t\t<span class=\"elementor-screen-only\">Linkedin-in<\/span>\n\t\t\t\t\t\t<i aria-hidden=\"true\" class=\"fab fa-linkedin-in\"><\/i>\t\t\t\t\t<\/a>\n\t\t\t\t<\/span>\n\t\t\t\t\t\t\t<span class=\"elementor-grid-item\" role=\"listitem\">\n\t\t\t\t\t<a class=\"elementor-icon elementor-social-icon elementor-social-icon-wikipedia-w elementor-repeater-item-e0eb5c5\" href=\"https:\/\/da.wikipedia.org\/wiki\/Stig_Dalager\" target=\"_blank\" rel=\"noopener\">\n\t\t\t\t\t\t<span class=\"elementor-screen-only\">Wikipedia-w<\/span>\n\t\t\t\t\t\t<i aria-hidden=\"true\" class=\"fab fa-wikipedia-w\"><\/i>\t\t\t\t\t<\/a>\n\t\t\t\t<\/span>\n\t\t\t\t\t<\/div>\n\t\t\t\t\t\t<\/div>\n\t\t\t\t<\/div>\n\t\t\t\t<\/div>\n\t\t<div class=\"elementor-element elementor-element-bed7143 e-con-full e-flex e-con e-child\" data-id=\"bed7143\" data-element_type=\"container\" data-e-type=\"container\" data-settings=\"{&quot;background_background&quot;:&quot;classic&quot;,&quot;jet_parallax_layout_list&quot;:[]}\">\n\t\t\t\t<div class=\"elementor-element elementor-element-84ff113 dce_masking-none elementor-widget elementor-widget-image\" data-id=\"84ff113\" data-element_type=\"widget\" data-e-type=\"widget\" data-widget_type=\"image.default\">\n\t\t\t\t<div class=\"elementor-widget-container\">\n\t\t\t\t\t\t\t\t\t\t\t\t\t\t\t<img fetchpriority=\"high\" decoding=\"async\" width=\"800\" height=\"800\" src=\"https:\/\/shapeyourfuturelife.org\/wp-content\/uploads\/2023\/09\/Zeleste-Mogensen.jpg\" class=\"attachment-large size-large wp-image-16109\" alt=\"\" srcset=\"https:\/\/shapeyourfuturelife.org\/wp-content\/uploads\/2023\/09\/Zeleste-Mogensen.jpg 800w, https:\/\/shapeyourfuturelife.org\/wp-content\/uploads\/2023\/09\/Zeleste-Mogensen-100x100.jpg 100w, https:\/\/shapeyourfuturelife.org\/wp-content\/uploads\/2023\/09\/Zeleste-Mogensen-600x600.jpg 600w, https:\/\/shapeyourfuturelife.org\/wp-content\/uploads\/2023\/09\/Zeleste-Mogensen-300x300.jpg 300w, https:\/\/shapeyourfuturelife.org\/wp-content\/uploads\/2023\/09\/Zeleste-Mogensen-150x150.jpg 150w, https:\/\/shapeyourfuturelife.org\/wp-content\/uploads\/2023\/09\/Zeleste-Mogensen-768x768.jpg 768w, https:\/\/shapeyourfuturelife.org\/wp-content\/uploads\/2023\/09\/Zeleste-Mogensen-500x500.jpg 500w\" sizes=\"(max-width: 800px) 100vw, 800px\" \/>\t\t\t\t\t\t\t\t\t\t\t\t\t\t\t<\/div>\n\t\t\t\t<\/div>\n\t\t\t\t<\/div>\n\t\t\t\t<\/div>\n\t\t\t\t<div class=\"elementor-element elementor-element-6eb56aa elementor-widget elementor-widget-text-editor\" data-id=\"6eb56aa\" data-element_type=\"widget\" data-e-type=\"widget\" data-widget_type=\"text-editor.default\">\n\t\t\t\t<div class=\"elementor-widget-container\">\n\t\t\t\t\t\t\t\t\t<p class=\"p1\">Jeg er uddannet professionsbachelor i ern\u00e6ring &amp; sundhed samt kandidat i medicinalbiologi og sundhedsfremme &amp; sundhedsstrategier.<\/p><p class=\"p1\">Jeg har arbejdet med plantebaseret ern\u00e6ring siden jeg blev f\u00e6rdig med min uddannelse i 2017. Min interesse for plantebaseret kost stammer fra min interesse for en kost- og livsstilsbaseret tilgang til h\u00e5ndtering af de store livsstilsrelaterede sygdomme, der plager den vestlige verden. Selv har jeg oplevet betydelige forbedringer af mine egne sundhedsproblemer, siden jeg udelukkede animalske f\u00f8devarer fra min kost. Tidligere har jeg arbejdet med kostvejledning, udvikling af opskrifter til virksomheder, og jeg har haft min egen f\u00f8devarevirksomhed, der solgte plantebaserede f\u00e6rdigretter.<\/p><p class=\"p1\">Min prim\u00e6re opgave nu er at v\u00e6re hjemmeg\u00e5ende mor. Dette vil afspejles i mange af mine opskrifter, der egner sig godt til familier med b\u00f8rn, hvor maden skal v\u00e6re nem at lave i en travl hverdag, uden at g\u00e5 p\u00e5 kompromis med smagen og n\u00e6ringsv\u00e6rdien for alle familiemedlemmer.<\/p>\t\t\t\t\t\t\t\t<\/div>\n\t\t\t\t<\/div>\n\t\t\t\t\t<\/div>\n\t\t\t\t<\/div>\n\t\t\t\t<\/div>\n\t\t","protected":false},"excerpt":{"rendered":"<p>Kok Wordpress Linkedin-in Wikipedia-w Jeg er uddannet professionsbachelor i ern\u00e6ring &amp; sundhed samt kandidat i medicinalbiologi og sundhedsfremme &amp; sundhedsstrategier. Jeg har arbejdet med plantebaseret ern\u00e6ring siden jeg blev f\u00e6rdig med min uddannelse i 2017. Min interesse for plantebaseret kost stammer fra min interesse for en kost- og livsstilsbaseret tilgang til h\u00e5ndtering af de store [&hellip;]<\/p>\n","protected":false},"author":1,"featured_media":0,"parent":0,"menu_order":0,"comment_status":"closed","ping_status":"closed","template":"elementor_header_footer","meta":{"_surecart_dashboard_logo_width":"180px","_surecart_dashboard_show_logo":true,"_surecart_dashboard_navigation_orders":true,"_surecart_dashboard_navigation_invoices":true,"_surecart_dashboard_navigation_subscriptions":true,"_surecart_dashboard_navigation_downloads":true,"_surecart_dashboard_navigation_billing":true,"_surecart_dashboard_navigation_account":true,"wprm-recipe-roundup-name":"","wprm-recipe-roundup-description":"","footnotes":""},"class_list":["post-24761","page","type-page","status-publish","hentry"],"blocksy_meta":[],"_links":{"self":[{"href":"https:\/\/shapeyourfuturelife.org\/da\/wp-json\/wp\/v2\/pages\/24761","targetHints":{"allow":["GET"]}}],"collection":[{"href":"https:\/\/shapeyourfuturelife.org\/da\/wp-json\/wp\/v2\/pages"}],"about":[{"href":"https:\/\/shapeyourfuturelife.org\/da\/wp-json\/wp\/v2\/types\/page"}],"author":[{"embeddable":true,"href":"https:\/\/shapeyourfuturelife.org\/da\/wp-json\/wp\/v2\/users\/1"}],"replies":[{"embeddable":true,"href":"https:\/\/shapeyourfuturelife.org\/da\/wp-json\/wp\/v2\/comments?post=24761"}],"version-history":[{"count":7,"href":"https:\/\/shapeyourfuturelife.org\/da\/wp-json\/wp\/v2\/pages\/24761\/revisions"}],"predecessor-version":[{"id":25292,"href":"https:\/\/shapeyourfuturelife.org\/da\/wp-json\/wp\/v2\/pages\/24761\/revisions\/25292"}],"wp:attachment":[{"href":"https:\/\/shapeyourfuturelife.org\/da\/wp-json\/wp\/v2\/media?parent=24761"}],"curies":[{"name":"wp","href":"https:\/\/api.w.org\/{rel}","templated":true}]}}