{"id":24757,"date":"2023-10-30T00:38:27","date_gmt":"2023-10-29T23:38:27","guid":{"rendered":"https:\/\/shapeyourfuturelife.org\/donation\/"},"modified":"2024-09-08T09:01:03","modified_gmt":"2024-09-08T07:01:03","slug":"donation","status":"publish","type":"page","link":"https:\/\/shapeyourfuturelife.org\/da\/donation\/","title":{"rendered":"Donation"},"content":{"rendered":"\t\t<div data-elementor-type=\"wp-page\" data-elementor-id=\"24757\" class=\"elementor elementor-24757 elementor-22177\" data-elementor-post-type=\"page\">\n\t\t\t\t<div class=\"elementor-element elementor-element-477aa25 e-flex e-con-boxed e-con e-parent\" data-id=\"477aa25\" data-element_type=\"container\" data-e-type=\"container\" data-settings=\"{&quot;jet_parallax_layout_list&quot;:[]}\">\n\t\t\t\t\t<div class=\"e-con-inner\">\n\t\t\t\t<div class=\"elementor-element elementor-element-1639767 elementor-widget elementor-widget-heading\" data-id=\"1639767\" data-element_type=\"widget\" data-e-type=\"widget\" data-widget_type=\"heading.default\">\n\t\t\t\t<div class=\"elementor-widget-container\">\n\t\t\t\t\t<h1 class=\"elementor-heading-title elementor-size-default\">Har du lyst donere et bel\u00f8b og dermed v\u00e6re med til at skabe en b\u00e6redygtig fremtid for planetens indbyggere?\n<\/h1>\t\t\t\t<\/div>\n\t\t\t\t<\/div>\n\t\t\t\t<div class=\"elementor-element elementor-element-5995a75 elementor-widget elementor-widget-surecart_form\" data-id=\"5995a75\" data-element_type=\"widget\" data-e-type=\"widget\" data-widget_type=\"surecart_form.default\">\n\t\t\t\t<div class=\"elementor-widget-container\">\n\t\t\t\t\t<sc-checkout\n\tclass=\"checkout\"\n\tid=\"sc-checkout-28513\"\n\tclass=\"\"\n\tstyle=\"text-align: left;--sc-form-row-spacing: 25px;\"\n\tmodified=\"2023-12-11 14:49:10\"\n\talignment=\"\"\n\tsuccess-url=\"\"\n>\n\t<sc-form>\n\t\t\t\t\t<sc-checkbox name=\"get_feedback\" value=\"Feedback\" style=\"display: none !important;\"><\/sc-checkbox>\n\t\t\t\t\n\n<h2 class=\"wp-block-heading\">Donation<\/h2>\n\n\n\n<sc-donation-choices price-id=\"cc1661a6-c4dd-4de2-bfb4-cb5827d2cfd1\" label=\"Bel\u00f8b\" currency=\"USD\">\n<sc-choice show-control=\"false\" size=\"small\" value=\"1000\"><sc-format-number type=\"currency\" currency=\"eur\" value=\"1000\" minimum-fraction-digits=\"0\"><\/sc-format-number><\/sc-choice>\n\n\n\n<sc-choice show-control=\"false\" size=\"small\" value=\"2500.00\"><sc-format-number type=\"currency\" currency=\"eur\" value=\"2500.00\" minimum-fraction-digits=\"0\"><\/sc-format-number><\/sc-choice>\n\n\n\n<sc-choice show-control=\"false\" size=\"small\" value=\"2000\"><sc-format-number type=\"currency\" currency=\"eur\" value=\"2000\" minimum-fraction-digits=\"0\"><\/sc-format-number><\/sc-choice>\n\n\n\n<sc-choice show-control=\"false\" size=\"small\" value=\"5000\"><sc-format-number type=\"currency\" currency=\"eur\" value=\"5000\" minimum-fraction-digits=\"0\"><\/sc-format-number><\/sc-choice>\n\n\n\n<sc-choice show-control=\"false\" size=\"small\" value=\"10000\"><sc-format-number type=\"currency\" currency=\"eur\" value=\"10000\" minimum-fraction-digits=\"0\"><\/sc-format-number><\/sc-choice>\n\n\n\n<sc-choice show-control=\"false\" size=\"small\" value=\"20000\"><sc-format-number type=\"currency\" currency=\"eur\" value=\"20000\" minimum-fraction-digits=\"0\"><\/sc-format-number><\/sc-choice>\n\n\n\n<sc-choice show-control=\"false\" size=\"small\" value=\"50000\"><sc-format-number type=\"currency\" currency=\"eur\" value=\"50000\" minimum-fraction-digits=\"0\"><\/sc-format-number><\/sc-choice>\n<sc-choice show-control=\"false\" size=\"small\" value=\"ad_hoc\">Other<\/sc-choice><\/sc-donation-choices>\n\n\n\n<div class=\"wp-block-surecart-columns is-layout-flex wp-block-surecart-columns-is-layout-flex\">\n<div class=\"wp-block-surecart-column\">\n\t\t<sc-customer-email\n\t\t\tclass=\"\"\n\t\t\tlabel=\"E-mail\"\n\t\t\t\t\t\t\t\t\t\t\t\t\t\t\trequired\n\t\t\tautocomplete='email'\n\t\t\tinputmode='email'\n\t\t>\n\t\t<\/sc-customer-email>\n\n\t\t<\/div>\n\n\n\n<div class=\"wp-block-surecart-column\">\n<sc-customer-name label=\"Navn\" class=\"wp-block-surecart-name\"><\/sc-customer-name>\n<\/div>\n<\/div>\n\n\n\n\t\t<sc-payment\n\t\t\tid=\"sc-payment-0\"\n\t\t\tclass=\"\"\n\t\t>\n\t\t\t\t\t\t\t<sc-stripe-payment-element slot=\"stripe\"><\/sc-stripe-payment-element>\n\t\t\t\n\t\t\t\t\t<\/sc-payment>\n\t\t\n\n\n<sc-order-summary collapsible=\"1\" closed-text=\"Show Summary\" open-text=\"Summary\" class=\"wp-block-surecart-totals\">\n<sc-divider><\/sc-divider>\n\n\n\n<sc-line-items removable=\"1\" editable=\"1\" class=\"wp-block-surecart-line-items\"><\/sc-line-items>\n\n\n\n<sc-divider><\/sc-divider>\n\n\n\n<sc-line-item-total total=\"subtotal\" class=\"wp-block-surecart-subtotal\"><span slot=\"description\">Subtotal<\/span><\/sc-line-item-total>\n\n\n\t\t<sc-order-coupon-form\n\t\t\tlabel=\"Add Coupon Code\"\n\t\t\tplaceholder=\"Enter coupon code\"\n\t\t\tbutton-text=\"Apply Coupon\"\n\t\t\tcollapsed>\n\t\t<\/sc-order-coupon-form>\n\t\t\n\n\n<sc-line-item-tax class=\"wp-block-surecart-tax-line-item\"><\/sc-line-item-tax>\n\n\n\n<sc-divider><\/sc-divider>\n\n\n\n<sc-line-item-total total=\"total\" size=\"large\" show-currency=\"1\" class=\"wp-block-surecart-total\"><span slot=\"title\">Total<\/span><span slot=\"subscription-title\">Total Due Today<\/span><\/sc-line-item-total>\n<\/sc-order-summary>\n\n\n\t\t<sc-order-submit\n\t\t\ttype=\"primary\"\n\t\t\tfull=\"true\"\n\t\t\tsize=\"large\"\n\t\t\ticon=\"lock\"\t\t\tshow-total=\"true\"\n\t\t\tsecure-notice=\"true\"\n\t\t\tsecure-notice-text=\"Dette er en sikker, krypteret betaling.\"\n\t\t\t\t\t\t\t\t\tclass=\"wp-block-surecart-submit\"\n\t\t>Doner<\/sc-order-submit>\n\t\t\n\t<\/sc-form>\n<\/sc-checkout>\n\t\t\t\t<\/div>\n\t\t\t\t<\/div>\n\t\t\t\t\t<\/div>\n\t\t\t\t<\/div>\n\t\t\t\t<\/div>\n\t\t","protected":false},"excerpt":{"rendered":"<p>Har du lyst donere et bel\u00f8b og dermed v\u00e6re med til at skabe en b\u00e6redygtig fremtid for planetens indbyggere? Donation Other Subtotal TotalTotal Due Today Doner<\/p>\n","protected":false},"author":1,"featured_media":0,"parent":0,"menu_order":0,"comment_status":"closed","ping_status":"closed","template":"elementor_header_footer","meta":{"_surecart_dashboard_logo_width":"180px","_surecart_dashboard_show_logo":true,"_surecart_dashboard_navigation_orders":true,"_surecart_dashboard_navigation_invoices":true,"_surecart_dashboard_navigation_subscriptions":true,"_surecart_dashboard_navigation_downloads":true,"_surecart_dashboard_navigation_billing":true,"_surecart_dashboard_navigation_account":true,"wprm-recipe-roundup-name":"","wprm-recipe-roundup-description":"","footnotes":""},"class_list":["post-24757","page","type-page","status-publish","hentry"],"blocksy_meta":[],"_links":{"self":[{"href":"https:\/\/shapeyourfuturelife.org\/da\/wp-json\/wp\/v2\/pages\/24757","targetHints":{"allow":["GET"]}}],"collection":[{"href":"https:\/\/shapeyourfuturelife.org\/da\/wp-json\/wp\/v2\/pages"}],"about":[{"href":"https:\/\/shapeyourfuturelife.org\/da\/wp-json\/wp\/v2\/types\/page"}],"author":[{"embeddable":true,"href":"https:\/\/shapeyourfuturelife.org\/da\/wp-json\/wp\/v2\/users\/1"}],"replies":[{"embeddable":true,"href":"https:\/\/shapeyourfuturelife.org\/da\/wp-json\/wp\/v2\/comments?post=24757"}],"version-history":[{"count":7,"href":"https:\/\/shapeyourfuturelife.org\/da\/wp-json\/wp\/v2\/pages\/24757\/revisions"}],"predecessor-version":[{"id":38536,"href":"https:\/\/shapeyourfuturelife.org\/da\/wp-json\/wp\/v2\/pages\/24757\/revisions\/38536"}],"wp:attachment":[{"href":"https:\/\/shapeyourfuturelife.org\/da\/wp-json\/wp\/v2\/media?parent=24757"}],"curies":[{"name":"wp","href":"https:\/\/api.w.org\/{rel}","templated":true}]}}