{"id":23398,"date":"2023-10-27T09:04:30","date_gmt":"2023-10-27T07:04:30","guid":{"rendered":"https:\/\/shapeyourfuturelife.org\/michael-hansen\/"},"modified":"2023-11-15T04:18:57","modified_gmt":"2023-11-15T03:18:57","slug":"michael-hansen","status":"publish","type":"page","link":"https:\/\/shapeyourfuturelife.org\/da\/michael-hansen\/","title":{"rendered":"Michael Hansen"},"content":{"rendered":"\t\t<div data-elementor-type=\"wp-page\" data-elementor-id=\"23398\" class=\"elementor elementor-23398\" data-elementor-post-type=\"page\">\n\t\t\t\t<div class=\"elementor-element elementor-element-554b7c7 e-flex e-con-boxed e-con e-parent\" data-id=\"554b7c7\" data-element_type=\"container\" data-e-type=\"container\" data-settings=\"{&quot;jet_parallax_layout_list&quot;:[]}\">\n\t\t\t\t\t<div class=\"e-con-inner\">\n\t\t<div class=\"elementor-element elementor-element-db84839 e-con-full e-flex e-con e-child\" data-id=\"db84839\" data-element_type=\"container\" data-e-type=\"container\" data-settings=\"{&quot;background_background&quot;:&quot;classic&quot;,&quot;jet_parallax_layout_list&quot;:[]}\">\n\t\t<div class=\"elementor-element elementor-element-554117b e-con-full e-flex e-con e-child\" data-id=\"554117b\" data-element_type=\"container\" data-e-type=\"container\" data-settings=\"{&quot;background_background&quot;:&quot;classic&quot;,&quot;jet_parallax_layout_list&quot;:[]}\">\n\t\t\t\t<div class=\"elementor-element elementor-element-502083b elementor-widget elementor-widget-heading\" data-id=\"502083b\" data-element_type=\"widget\" data-e-type=\"widget\" data-widget_type=\"heading.default\">\n\t\t\t\t<div class=\"elementor-widget-container\">\n\t\t\t\t\t<h1 class=\"elementor-heading-title elementor-size-default\">Michael Hansen<\/h1>\t\t\t\t<\/div>\n\t\t\t\t<\/div>\n\t\t\t\t<div class=\"elementor-element elementor-element-5eb712b elementor-widget elementor-widget-heading\" data-id=\"5eb712b\" data-element_type=\"widget\" data-e-type=\"widget\" data-widget_type=\"heading.default\">\n\t\t\t\t<div class=\"elementor-widget-container\">\n\t\t\t\t\t<p class=\"elementor-heading-title elementor-size-default\">SHAPEbook Manager &amp; Advisor\n<\/p>\t\t\t\t<\/div>\n\t\t\t\t<\/div>\n\t\t\t\t<div class=\"elementor-element elementor-element-b457357 elementor-shape-circle e-grid-align-left elementor-grid-0 elementor-widget elementor-widget-social-icons\" data-id=\"b457357\" data-element_type=\"widget\" data-e-type=\"widget\" data-widget_type=\"social-icons.default\">\n\t\t\t\t<div class=\"elementor-widget-container\">\n\t\t\t\t\t\t\t<div class=\"elementor-social-icons-wrapper elementor-grid\">\n\t\t\t\t\t\t\t<span class=\"elementor-grid-item\">\n\t\t\t\t\t<a class=\"elementor-icon elementor-social-icon elementor-social-icon-linkedin-in elementor-repeater-item-a2992ae\" href=\"#\" target=\"_blank\">\n\t\t\t\t\t\t<span class=\"elementor-screen-only\">Linkedin-in<\/span>\n\t\t\t\t\t\t<i aria-hidden=\"true\" class=\"fab fa-linkedin-in\"><\/i>\t\t\t\t\t<\/a>\n\t\t\t\t<\/span>\n\t\t\t\t\t<\/div>\n\t\t\t\t\t\t<\/div>\n\t\t\t\t<\/div>\n\t\t\t\t<\/div>\n\t\t<div class=\"elementor-element elementor-element-8d3574c e-con-full e-flex e-con e-child\" data-id=\"8d3574c\" data-element_type=\"container\" data-e-type=\"container\" data-settings=\"{&quot;background_background&quot;:&quot;classic&quot;,&quot;jet_parallax_layout_list&quot;:[]}\">\n\t\t\t\t<div class=\"elementor-element elementor-element-5139bcd dce_masking-none elementor-widget elementor-widget-image\" data-id=\"5139bcd\" data-element_type=\"widget\" data-e-type=\"widget\" data-widget_type=\"image.default\">\n\t\t\t\t<div class=\"elementor-widget-container\">\n\t\t\t\t\t\t\t\t\t\t\t\t\t\t\t<img fetchpriority=\"high\" decoding=\"async\" width=\"800\" height=\"800\" src=\"https:\/\/shapeyourfuturelife.org\/wp-content\/uploads\/2023\/09\/Michael-Hansen-800px.jpg\" class=\"attachment-large size-large wp-image-16107\" alt=\"\" srcset=\"https:\/\/shapeyourfuturelife.org\/wp-content\/uploads\/2023\/09\/Michael-Hansen-800px.jpg 800w, https:\/\/shapeyourfuturelife.org\/wp-content\/uploads\/2023\/09\/Michael-Hansen-800px-100x100.jpg 100w, https:\/\/shapeyourfuturelife.org\/wp-content\/uploads\/2023\/09\/Michael-Hansen-800px-600x600.jpg 600w, https:\/\/shapeyourfuturelife.org\/wp-content\/uploads\/2023\/09\/Michael-Hansen-800px-300x300.jpg 300w, https:\/\/shapeyourfuturelife.org\/wp-content\/uploads\/2023\/09\/Michael-Hansen-800px-150x150.jpg 150w, https:\/\/shapeyourfuturelife.org\/wp-content\/uploads\/2023\/09\/Michael-Hansen-800px-768x768.jpg 768w, https:\/\/shapeyourfuturelife.org\/wp-content\/uploads\/2023\/09\/Michael-Hansen-800px-500x500.jpg 500w\" sizes=\"(max-width: 800px) 100vw, 800px\" \/>\t\t\t\t\t\t\t\t\t\t\t\t\t\t\t<\/div>\n\t\t\t\t<\/div>\n\t\t\t\t<\/div>\n\t\t\t\t<\/div>\n\t\t\t\t<div class=\"elementor-element elementor-element-63b9957 elementor-widget elementor-widget-text-editor\" data-id=\"63b9957\" data-element_type=\"widget\" data-e-type=\"widget\" data-widget_type=\"text-editor.default\">\n\t\t\t\t<div class=\"elementor-widget-container\">\n\t\t\t\t\t\t\t\t\t<p class=\"p1\">I mine \u00f8jne repr\u00e6senterer Shape Your Future Life et konstruktivt initiativ baseret p\u00e5 videnskabelig og evidensbaseret viden. Det giver os b\u00e5de inspiration og en h\u00e5ndgribelig platform til at \u00e6ndre vores m\u00e5de at leve p\u00e5 og til at forholde os til naturen p\u00e5 gennem en \u00f8get plantebaseret kost.<\/p><p class=\"p1\">Shape Your Future Life er en mulighed for at deltage i et f\u00e6llesskab, hvor alle kan f\u00e5 ny l\u00e6ring og blive empoweret omkring b\u00e6redygtighed, sundhed, dyrevelf\u00e6rd, psykologi og plantebaseret mad.<\/p><p class=\"p1\">Jeg er moderator for SHAPEbook og min vision er, at SHAPEbook vil blive et v\u00e6rdsat f\u00e6llesskab for alle, der s\u00f8ger konstruktive og positive muligheder for at \u00e6ndre vores nuv\u00e6rende tilstand inden for milj\u00f8, mad \u2013 i et positivt samspil med andre.<\/p><p class=\"p1\">De sidste 23 \u00e5r jeg arbejdet med frivillighed inden for det sociale omr\u00e5de. Min erfaring sp\u00e6nder fra samarbejde med landsd\u00e6kkende organisationer over til lokale foreninger. Derudover har jeg selv engageret mig som frivillig i forskellige sammenh\u00e6nge, herunder som formand for en lokal forening og en landsorganisation.<\/p><p class=\"p1\">Min styrke ligger i evnen til at etablere meningsfuld dialog med andre. Jeg er god til at bringe mennesker sammen, hvilket er afg\u00f8rende for det arbejde, Shape Your Future Life har iv\u00e6rksat. For mig handler det om at skabe sammenh\u00e6ng, dialog og konkrete f\u00e6lles initiativer. M\u00e5let er at give naturen mulighed for at komme sig p\u00e5 sine egne pr\u00e6misser og forblive den fundamentale kilde til liv for planter, dyr, mennesker og mange andre.<\/p><p class=\"p1\">Udover min faglige rolle er jeg en dybt engageret natur- og dyreelsker. Jeg bor et sted, hvor jeg ofte f\u00e5r bes\u00f8g af stork, \u00f8rne og andet vildt, og det forst\u00e6rker min passion for vores natur.<\/p><p class=\"p1\">Min interesse for milj\u00f8 og klima g\u00e5r tilbage til min gymnasietid i 1973, hvor en vision\u00e6r geografil\u00e6rer introducerede os for en af de f\u00f8rste videnskabelige b\u00f8ger om vores livsstil og dens konsekvenser: &#8220;Gr\u00e6nser for v\u00e6kst&#8221; (1972, Meadows, Randers m.fl.). Den bog satte dybe spor i mig og har siden v\u00e6ret kilden til min vedvarende interesse for klima, milj\u00f8 og vores livsstils p\u00e5virkning. Bogen er stadig relevant og tankev\u00e6kkende den dag i dag.<\/p><p class=\"p1\">Lad os sammen forme en lysere fremtid!<\/p>\t\t\t\t\t\t\t\t<\/div>\n\t\t\t\t<\/div>\n\t\t\t\t\t<\/div>\n\t\t\t\t<\/div>\n\t\t\t\t<\/div>\n\t\t","protected":false},"excerpt":{"rendered":"<p>SHAPEbook Manager &#038; Advisor Linkedin-in I mine \u00f8jne repr\u00e6senterer Shape Your Future Life et konstruktivt initiativ baseret p\u00e5 videnskabelig og evidensbaseret viden. Det giver os b\u00e5de inspiration og en h\u00e5ndgribelig platform til at \u00e6ndre vores m\u00e5de at leve p\u00e5 og til at forholde os til naturen p\u00e5 gennem en \u00f8get plantebaseret kost. Shape Your Future [&hellip;]<\/p>\n","protected":false},"author":1,"featured_media":0,"parent":0,"menu_order":0,"comment_status":"closed","ping_status":"closed","template":"elementor_header_footer","meta":{"_surecart_dashboard_logo_width":"180px","_surecart_dashboard_show_logo":true,"_surecart_dashboard_navigation_orders":true,"_surecart_dashboard_navigation_invoices":true,"_surecart_dashboard_navigation_subscriptions":true,"_surecart_dashboard_navigation_downloads":true,"_surecart_dashboard_navigation_billing":true,"_surecart_dashboard_navigation_account":true,"wprm-recipe-roundup-name":"","wprm-recipe-roundup-description":"","footnotes":""},"class_list":["post-23398","page","type-page","status-publish","hentry"],"blocksy_meta":[],"_links":{"self":[{"href":"https:\/\/shapeyourfuturelife.org\/da\/wp-json\/wp\/v2\/pages\/23398","targetHints":{"allow":["GET"]}}],"collection":[{"href":"https:\/\/shapeyourfuturelife.org\/da\/wp-json\/wp\/v2\/pages"}],"about":[{"href":"https:\/\/shapeyourfuturelife.org\/da\/wp-json\/wp\/v2\/types\/page"}],"author":[{"embeddable":true,"href":"https:\/\/shapeyourfuturelife.org\/da\/wp-json\/wp\/v2\/users\/1"}],"replies":[{"embeddable":true,"href":"https:\/\/shapeyourfuturelife.org\/da\/wp-json\/wp\/v2\/comments?post=23398"}],"version-history":[{"count":4,"href":"https:\/\/shapeyourfuturelife.org\/da\/wp-json\/wp\/v2\/pages\/23398\/revisions"}],"predecessor-version":[{"id":23402,"href":"https:\/\/shapeyourfuturelife.org\/da\/wp-json\/wp\/v2\/pages\/23398\/revisions\/23402"}],"wp:attachment":[{"href":"https:\/\/shapeyourfuturelife.org\/da\/wp-json\/wp\/v2\/media?parent=23398"}],"curies":[{"name":"wp","href":"https:\/\/api.w.org\/{rel}","templated":true}]}}