{"id":23381,"date":"2023-10-30T02:02:57","date_gmt":"2023-10-30T01:02:57","guid":{"rendered":"https:\/\/shapeyourfuturelife.org\/vilkaar-og-betingelser\/"},"modified":"2024-09-03T08:38:50","modified_gmt":"2024-09-03T06:38:50","slug":"vilkaar-og-betingelser","status":"publish","type":"page","link":"https:\/\/shapeyourfuturelife.org\/da\/vilkaar-og-betingelser\/","title":{"rendered":"Vilk\u00e5r og betingelser"},"content":{"rendered":"\t\t<div data-elementor-type=\"wp-page\" data-elementor-id=\"23381\" class=\"elementor elementor-23381 elementor-22209\" data-elementor-post-type=\"page\">\n\t\t\t\t<div class=\"elementor-element elementor-element-59b88ab e-flex e-con-boxed e-con e-parent\" data-id=\"59b88ab\" data-element_type=\"container\" data-e-type=\"container\" data-settings=\"{&quot;jet_parallax_layout_list&quot;:[]}\">\n\t\t\t\t\t<div class=\"e-con-inner\">\n\t\t<div class=\"elementor-element elementor-element-98b943a e-con-full e-flex e-con e-child\" data-id=\"98b943a\" data-element_type=\"container\" data-e-type=\"container\" data-settings=\"{&quot;jet_parallax_layout_list&quot;:[]}\">\n\t\t\t\t<div class=\"elementor-element elementor-element-f9f5f27 elementor-widget elementor-widget-heading\" data-id=\"f9f5f27\" data-element_type=\"widget\" data-e-type=\"widget\" data-widget_type=\"heading.default\">\n\t\t\t\t<div class=\"elementor-widget-container\">\n\t\t\t\t\t<h1 class=\"elementor-heading-title elementor-size-default\">Vilk\u00e5r og betingelser<\/h1>\t\t\t\t<\/div>\n\t\t\t\t<\/div>\n\t\t\t\t<div class=\"elementor-element elementor-element-45805c6 elementor-widget elementor-widget-text-editor\" data-id=\"45805c6\" data-element_type=\"widget\" data-e-type=\"widget\" data-widget_type=\"text-editor.default\">\n\t\t\t\t<div class=\"elementor-widget-container\">\n\t\t\t\t\t\t\t\t\t<p>Sidst opdateret 03\/09\/2024<\/p><p>Velkommen til SHAPE Your Future Life!<\/p><p>Disse vilk\u00e5r og betingelser skitserer regler og bestemmelser for brugen af SHAPEYourFutureLife.org&#8217;s tjenester.<\/p><p>Ved at f\u00e5 adgang til vores tjenester og tilmelde dig et medlemskab accepterer du disse vilk\u00e5r og betingelser fuldt ud. Forts\u00e6t ikke med at bruge SHAPE Your Future Life&#8217;s tjenester, hvis du ikke er enig i alle de vilk\u00e5r og betingelser, der er angivet p\u00e5 denne side.<\/p><p><strong>1. Medlemskab<\/strong><\/p><p>1.1. Vi forbeholder os, med forudg\u00e5ende varsel, ret til at \u00e6ndre abonnementsgebyret og underrette nuv\u00e6rende medlemmer om eventuelle \u00e6ndringer.<\/p><p><strong>2. Annullering<\/strong><\/p><p>2.1. Du kan til enhver tid opsige dit abonnement. For at annullere skal du g\u00e5 til din konto og v\u00e6lge Planer og klikke p\u00e5 &#8216;Annuller Plan&#8217;.<\/p><p>2.2. Efter opsigelsen vil du fortsat have adgang til vores tjenester indtil udgangen af opsigelsesm\u00e5neden.<\/p><p><strong>3. \u00c6ndringer af tjenester<\/strong><\/p><p>3.1. SHAPE Your Future Life forbeholder sig ret til at \u00e6ndre eller afbryde, midlertidigt eller permanent, tjenesterne med eller uden varsel.<\/p><p><strong>4. Begr\u00e6nsning af ansvar<\/strong><\/p><p>4.1. I det maksimale omfang, det er tilladt i henhold til g\u00e6ldende lov, er SHAPE Your Future Life ikke ansvarlig for indirekte, tilf\u00e6ldige, s\u00e6rlige, f\u00f8lgeskader eller strafskader eller tab af fortjeneste eller indt\u00e6gter, uanset om de er opst\u00e5et direkte eller indirekte.<\/p><p><strong>5. G\u00e6ldende lov<\/strong><\/p><p>5.1. Disse vilk\u00e5r og betingelser reguleres af og fortolkes i overensstemmelse med dansk lovgivning, og du underkaster dig den ikke-eksklusive jurisdiktion for de statslige og f\u00f8derale domstole i K\u00f8benhavn, Danmark, til l\u00f8sning af eventuelle tvister.<\/p><p><strong>Kontakt os<\/strong><\/p><p>Hvis du har sp\u00f8rgsm\u00e5l til disse vilk\u00e5r og betingelser, kan du kontakte os:<\/p><ul><li>Via e-mail: info@shapeyourfuturelife.org<\/li><\/ul>\t\t\t\t\t\t\t\t<\/div>\n\t\t\t\t<\/div>\n\t\t\t\t<\/div>\n\t\t\t\t\t<\/div>\n\t\t\t\t<\/div>\n\t\t\t\t<\/div>\n\t\t","protected":false},"excerpt":{"rendered":"<p>Vilk\u00e5r og betingelser Sidst opdateret 03\/09\/2024 Velkommen til SHAPE Your Future Life! Disse vilk\u00e5r og betingelser skitserer regler og bestemmelser for brugen af SHAPEYourFutureLife.org&#8217;s tjenester. Ved at f\u00e5 adgang til vores tjenester og tilmelde dig et medlemskab accepterer du disse vilk\u00e5r og betingelser fuldt ud. Forts\u00e6t ikke med at bruge SHAPE Your Future Life&#8217;s tjenester, [&hellip;]<\/p>\n","protected":false},"author":1,"featured_media":0,"parent":0,"menu_order":0,"comment_status":"closed","ping_status":"closed","template":"elementor_header_footer","meta":{"_surecart_dashboard_logo_width":"180px","_surecart_dashboard_show_logo":true,"_surecart_dashboard_navigation_orders":true,"_surecart_dashboard_navigation_invoices":true,"_surecart_dashboard_navigation_subscriptions":true,"_surecart_dashboard_navigation_downloads":true,"_surecart_dashboard_navigation_billing":true,"_surecart_dashboard_navigation_account":true,"wprm-recipe-roundup-name":"","wprm-recipe-roundup-description":"","footnotes":""},"class_list":["post-23381","page","type-page","status-publish","hentry"],"blocksy_meta":[],"_links":{"self":[{"href":"https:\/\/shapeyourfuturelife.org\/da\/wp-json\/wp\/v2\/pages\/23381","targetHints":{"allow":["GET"]}}],"collection":[{"href":"https:\/\/shapeyourfuturelife.org\/da\/wp-json\/wp\/v2\/pages"}],"about":[{"href":"https:\/\/shapeyourfuturelife.org\/da\/wp-json\/wp\/v2\/types\/page"}],"author":[{"embeddable":true,"href":"https:\/\/shapeyourfuturelife.org\/da\/wp-json\/wp\/v2\/users\/1"}],"replies":[{"embeddable":true,"href":"https:\/\/shapeyourfuturelife.org\/da\/wp-json\/wp\/v2\/comments?post=23381"}],"version-history":[{"count":13,"href":"https:\/\/shapeyourfuturelife.org\/da\/wp-json\/wp\/v2\/pages\/23381\/revisions"}],"predecessor-version":[{"id":37577,"href":"https:\/\/shapeyourfuturelife.org\/da\/wp-json\/wp\/v2\/pages\/23381\/revisions\/37577"}],"wp:attachment":[{"href":"https:\/\/shapeyourfuturelife.org\/da\/wp-json\/wp\/v2\/media?parent=23381"}],"curies":[{"name":"wp","href":"https:\/\/api.w.org\/{rel}","templated":true}]}}