{"id":22453,"date":"2023-10-27T07:37:28","date_gmt":"2023-10-27T05:37:28","guid":{"rendered":"https:\/\/shapeyourfuturelife.org\/per-roslind-leth-nissen\/"},"modified":"2023-11-16T12:50:35","modified_gmt":"2023-11-16T11:50:35","slug":"per-roslind-leth-nissen","status":"publish","type":"page","link":"https:\/\/shapeyourfuturelife.org\/da\/per-roslind-leth-nissen\/","title":{"rendered":"Per Roslind Leth-Nissen"},"content":{"rendered":"\t\t<div data-elementor-type=\"wp-page\" data-elementor-id=\"22453\" class=\"elementor elementor-22453\" data-elementor-post-type=\"page\">\n\t\t\t\t<div class=\"elementor-element elementor-element-f43c3c1 e-flex e-con-boxed e-con e-parent\" data-id=\"f43c3c1\" data-element_type=\"container\" data-e-type=\"container\" data-settings=\"{&quot;jet_parallax_layout_list&quot;:[]}\">\n\t\t\t\t\t<div class=\"e-con-inner\">\n\t\t<div class=\"elementor-element elementor-element-369f0e1 e-con-full e-flex e-con e-child\" data-id=\"369f0e1\" data-element_type=\"container\" data-e-type=\"container\" data-settings=\"{&quot;background_background&quot;:&quot;classic&quot;,&quot;jet_parallax_layout_list&quot;:[]}\">\n\t\t<div class=\"elementor-element elementor-element-0e31d79 e-con-full e-flex e-con e-child\" data-id=\"0e31d79\" data-element_type=\"container\" data-e-type=\"container\" data-settings=\"{&quot;background_background&quot;:&quot;classic&quot;,&quot;jet_parallax_layout_list&quot;:[]}\">\n\t\t\t\t<div class=\"elementor-element elementor-element-256e283 elementor-widget elementor-widget-heading\" data-id=\"256e283\" data-element_type=\"widget\" data-e-type=\"widget\" data-widget_type=\"heading.default\">\n\t\t\t\t<div class=\"elementor-widget-container\">\n\t\t\t\t\t<h1 class=\"elementor-heading-title elementor-size-default\">Per Roslind Leth-Nissen<\/h1>\t\t\t\t<\/div>\n\t\t\t\t<\/div>\n\t\t\t\t<div class=\"elementor-element elementor-element-b829472 elementor-widget elementor-widget-heading\" data-id=\"b829472\" data-element_type=\"widget\" data-e-type=\"widget\" data-widget_type=\"heading.default\">\n\t\t\t\t<div class=\"elementor-widget-container\">\n\t\t\t\t\t<p class=\"elementor-heading-title elementor-size-default\">Medstifter Shape Your Future Life, Forfatter, Executive Coach og<br>Eksamineret Psykoterapeut<\/p>\t\t\t\t<\/div>\n\t\t\t\t<\/div>\n\t\t\t\t<div class=\"elementor-element elementor-element-5c0aed8 elementor-shape-circle e-grid-align-left elementor-grid-0 elementor-widget elementor-widget-social-icons\" data-id=\"5c0aed8\" data-element_type=\"widget\" data-e-type=\"widget\" data-widget_type=\"social-icons.default\">\n\t\t\t\t<div class=\"elementor-widget-container\">\n\t\t\t\t\t\t\t<div class=\"elementor-social-icons-wrapper elementor-grid\">\n\t\t\t\t\t\t\t<span class=\"elementor-grid-item\">\n\t\t\t\t\t<a class=\"elementor-icon elementor-social-icon elementor-social-icon-linkedin-in elementor-repeater-item-a2992ae\" href=\"https:\/\/www.linkedin.com\/in\/per-leth-nissen\/\" target=\"_blank\" rel=\"noopener\">\n\t\t\t\t\t\t<span class=\"elementor-screen-only\">Linkedin-in<\/span>\n\t\t\t\t\t\t<i aria-hidden=\"true\" class=\"fab fa-linkedin-in\"><\/i>\t\t\t\t\t<\/a>\n\t\t\t\t<\/span>\n\t\t\t\t\t<\/div>\n\t\t\t\t\t\t<\/div>\n\t\t\t\t<\/div>\n\t\t\t\t<\/div>\n\t\t<div class=\"elementor-element elementor-element-a6060c8 e-con-full e-flex e-con e-child\" data-id=\"a6060c8\" data-element_type=\"container\" data-e-type=\"container\" data-settings=\"{&quot;background_background&quot;:&quot;classic&quot;,&quot;jet_parallax_layout_list&quot;:[]}\">\n\t\t\t\t<div class=\"elementor-element elementor-element-1f6c0fc dce_masking-none elementor-widget elementor-widget-image\" data-id=\"1f6c0fc\" data-element_type=\"widget\" data-e-type=\"widget\" data-widget_type=\"image.default\">\n\t\t\t\t<div class=\"elementor-widget-container\">\n\t\t\t\t\t\t\t\t\t\t\t\t\t\t\t<img decoding=\"async\" width=\"192\" height=\"192\" src=\"https:\/\/shapeyourfuturelife.org\/wp-content\/uploads\/2023\/09\/per-roslind-leth-nissen_avatar-192x192-1.jpg\" class=\"attachment-large size-large wp-image-16105\" alt=\"\" srcset=\"https:\/\/shapeyourfuturelife.org\/wp-content\/uploads\/2023\/09\/per-roslind-leth-nissen_avatar-192x192-1.jpg 192w, https:\/\/shapeyourfuturelife.org\/wp-content\/uploads\/2023\/09\/per-roslind-leth-nissen_avatar-192x192-1-100x100.jpg 100w, https:\/\/shapeyourfuturelife.org\/wp-content\/uploads\/2023\/09\/per-roslind-leth-nissen_avatar-192x192-1-150x150.jpg 150w\" sizes=\"(max-width: 192px) 100vw, 192px\" \/>\t\t\t\t\t\t\t\t\t\t\t\t\t\t\t<\/div>\n\t\t\t\t<\/div>\n\t\t\t\t<\/div>\n\t\t\t\t<\/div>\n\t\t\t\t<div class=\"elementor-element elementor-element-d6b1a6d elementor-widget elementor-widget-text-editor\" data-id=\"d6b1a6d\" data-element_type=\"widget\" data-e-type=\"widget\" data-widget_type=\"text-editor.default\">\n\t\t\t\t<div class=\"elementor-widget-container\">\n\t\t\t\t\t\t\t\t\t<p class=\"p1\">Jeg er en dansk terapeut, executive coach og stifter af virksomheden CXOPeople, som i mange \u00e5r med succes har arbejdet p\u00e5 at skabe personlig forandring blandt ledere og medarbejdere i flere af Danmarks st\u00f8rste virksomheder. Mit faglige fokus har prim\u00e6rt v\u00e6ret inden for strategisk udvikling, inspirerende ledelse, kommunikation og formidling, personligt lederskab, selvv\u00e6rd og selv\u00e6rdsledelse samt organisatoriske forandringsprocesser.<\/p><p class=\"p1\">Med en kreativ baggrund som musikproducer for blandt andet TV2 og som filminstrukt\u00f8r med mere end 25 kortfilm og 300 erhvervsfilm, sammen med en faglig uddannelse som exam. Individuel, par- og gruppeterapeut fra Institut for Gestaltanalyse samt studier i arkitektur p\u00e5 Det Kongelige Danske Kunstakademi og jura p\u00e5 Aarhus Universitet, arbejder jeg med udvikling og fris\u00e6ttelse af de potentialer, som alle mennesker er f\u00f8dt med, men som mange ikke altid evner at udnytte fuldt ud. Min tro p\u00e5 og erfaring med, at menneskers livsopfattelse og grundm\u00f8nstre kan \u00e6ndre sig i en mere positiv og inspirerende retning, til gavn b\u00e5de for dem selv og deres omgivelser, har i mange \u00e5r v\u00e6ret min vejledning som terapeut og i mit udviklingsarbejde med mennesker i CXOPeople.<\/p><p class=\"p1\">I 2006 udgav jeg f\u00f8rste bind i trilogien &#8220;G\u00f8r verden smukkere&#8221; \u2013 en trilogi, der indeholder terapeutiske ideer, eventyr og \u00f8velser til styrkelse af personligt lederskab, relationer og samv\u00e6r, kommunikation og samarbejde. Med baggrund i mit omfattende terapeutiske arbejde blev trilogien revideret i 2020 og efterfulgt af tre nye bind. Alle seks bind er oversat til engelsk og blev udgivet i 2020, og de giver tilsammen et inspirerende overblik for et internationalt publikum over mangfoldigheden af m\u00e5der, hvorp\u00e5 man kan styrke personligt lederskab \u2013 til personlig eller terapeutisk brug.<\/p>\t\t\t\t\t\t\t\t<\/div>\n\t\t\t\t<\/div>\n\t\t\t\t\t<\/div>\n\t\t\t\t<\/div>\n\t\t\t\t<\/div>\n\t\t","protected":false},"excerpt":{"rendered":"<p>Medstifter Shape Your Future Life, Forfatter, Executive Coach ogEksamineret Psykoterapeut Linkedin-in Jeg er en dansk terapeut, executive coach og stifter af virksomheden CXOPeople, som i mange \u00e5r med succes har arbejdet p\u00e5 at skabe personlig forandring blandt ledere og medarbejdere i flere af Danmarks st\u00f8rste virksomheder. Mit faglige fokus har prim\u00e6rt v\u00e6ret inden for strategisk [&hellip;]<\/p>\n","protected":false},"author":1,"featured_media":0,"parent":0,"menu_order":0,"comment_status":"closed","ping_status":"closed","template":"elementor_header_footer","meta":{"_surecart_dashboard_logo_width":"180px","_surecart_dashboard_show_logo":true,"_surecart_dashboard_navigation_orders":true,"_surecart_dashboard_navigation_invoices":true,"_surecart_dashboard_navigation_subscriptions":true,"_surecart_dashboard_navigation_downloads":true,"_surecart_dashboard_navigation_billing":true,"_surecart_dashboard_navigation_account":true,"wprm-recipe-roundup-name":"","wprm-recipe-roundup-description":"","footnotes":""},"class_list":["post-22453","page","type-page","status-publish","hentry"],"blocksy_meta":[],"_links":{"self":[{"href":"https:\/\/shapeyourfuturelife.org\/da\/wp-json\/wp\/v2\/pages\/22453","targetHints":{"allow":["GET"]}}],"collection":[{"href":"https:\/\/shapeyourfuturelife.org\/da\/wp-json\/wp\/v2\/pages"}],"about":[{"href":"https:\/\/shapeyourfuturelife.org\/da\/wp-json\/wp\/v2\/types\/page"}],"author":[{"embeddable":true,"href":"https:\/\/shapeyourfuturelife.org\/da\/wp-json\/wp\/v2\/users\/1"}],"replies":[{"embeddable":true,"href":"https:\/\/shapeyourfuturelife.org\/da\/wp-json\/wp\/v2\/comments?post=22453"}],"version-history":[{"count":6,"href":"https:\/\/shapeyourfuturelife.org\/da\/wp-json\/wp\/v2\/pages\/22453\/revisions"}],"predecessor-version":[{"id":25301,"href":"https:\/\/shapeyourfuturelife.org\/da\/wp-json\/wp\/v2\/pages\/22453\/revisions\/25301"}],"wp:attachment":[{"href":"https:\/\/shapeyourfuturelife.org\/da\/wp-json\/wp\/v2\/media?parent=22453"}],"curies":[{"name":"wp","href":"https:\/\/api.w.org\/{rel}","templated":true}]}}