{"id":21356,"date":"2023-06-11T23:42:37","date_gmt":"2023-06-11T21:42:37","guid":{"rendered":"https:\/\/shapeyourfuturelife.org\/ansvarsfraskrivelse\/"},"modified":"2024-09-27T10:35:33","modified_gmt":"2024-09-27T08:35:33","slug":"ansvarsfraskrivelse","status":"publish","type":"page","link":"https:\/\/shapeyourfuturelife.org\/da\/ansvarsfraskrivelse\/","title":{"rendered":"Ansvarsfraskrivelse"},"content":{"rendered":"\t\t<div data-elementor-type=\"wp-page\" data-elementor-id=\"21356\" class=\"elementor elementor-21356 elementor-6260\" data-elementor-post-type=\"page\">\n\t\t\t\t<div class=\"elementor-element elementor-element-107c6b4 e-flex e-con-boxed e-con e-parent\" data-id=\"107c6b4\" data-element_type=\"container\" data-e-type=\"container\" data-settings=\"{&quot;jet_parallax_layout_list&quot;:[]}\">\n\t\t\t\t\t<div class=\"e-con-inner\">\n\t\t<div class=\"elementor-element elementor-element-2cf3ea6 e-con-full e-flex e-con e-child\" data-id=\"2cf3ea6\" data-element_type=\"container\" data-e-type=\"container\" data-settings=\"{&quot;jet_parallax_layout_list&quot;:[]}\">\n\t\t\t\t<div class=\"elementor-element elementor-element-9cf2334 elementor-widget elementor-widget-heading\" data-id=\"9cf2334\" data-element_type=\"widget\" data-e-type=\"widget\" data-widget_type=\"heading.default\">\n\t\t\t\t<div class=\"elementor-widget-container\">\n\t\t\t\t\t<h1 class=\"elementor-heading-title elementor-size-default\">Ansvarsfraskrivelse<\/h1>\t\t\t\t<\/div>\n\t\t\t\t<\/div>\n\t\t\t\t<div class=\"elementor-element elementor-element-c4a62a9 elementor-widget elementor-widget-text-editor\" data-id=\"c4a62a9\" data-element_type=\"widget\" data-e-type=\"widget\" data-widget_type=\"text-editor.default\">\n\t\t\t\t<div class=\"elementor-widget-container\">\n\t\t\t\t\t\t\t\t\t<p>Oplysningerne p\u00e5 SHAPEYourFutureLife.org, SHAPEbook.org, psykologib\u00f8gerne &#8216;Create a Better World&#8217; og alle andre tilknyttede digitale ressourcer (samlet ben\u00e6vnt &#8220;vores ressourcer&#8221;) er beregnet til at supplere, ikke erstatte, det forhold, der eksisterer mellem en patient og deres l\u00e6ge, psykolog eller andet sundhedspersonale.<br \/>\nDet indhold, der er tilg\u00e6ngeligt via vores ressourcer, er udelukkende til informations- og uddannelsesform\u00e5l. <\/p>\n<p>Det materiale, der pr\u00e6senteres p\u00e5 vores ressourcer, b\u00f8r ikke bruges eller p\u00e5ber\u00e5bes som erstatning for professionel medicinsk r\u00e5dgivning, diagnose eller behandling.<br \/>\nKontakt altid din l\u00e6ge eller andet kvalificeret sundhedspersonale, hvis du har sp\u00f8rgsm\u00e5l om en medicinsk tilstand eller et sundhedsrelateret problem. <\/p>\n<p>Selvom der er gjort en stor indsats for at sikre n\u00f8jagtigheden og p\u00e5lideligheden af oplysningerne i vores ressourcer, giver forfatterne, udgiverne og de tilknyttede virksomheder til vores ressourcer ingen garantier eller erkl\u00e6ringer, hverken udtrykkeligt eller underforst\u00e5et, om oplysningernes n\u00f8jagtighed eller fuldst\u00e6ndighed.<br \/>\nL\u00e6serne er ansvarlige for at verificere informationens n\u00f8jagtighed gennem andre kilder.<br \/>\nVores ressourcer, dets forfattere, udgivere og tilknyttede virksomheder kan ikke holdes ansvarlige for eventuelle fejl eller udeladelser eller eventuelle konsekvenser som f\u00f8lge af brugen af disse oplysninger.  <\/p>\n<p>Vores ressourcer kan indeholde oversatte versioner af det originale danske indhold.<br \/>\nBem\u00e6rk, at automatiserede overs\u00e6ttelser p\u00e5 alle vores medieplatforme og sociale medier som YouTube, Facebook, Instagram, LinkedIn osv. kun er en tiln\u00e6rmelse til hjemmesidens originale danske indhold.<br \/>\nDer kan forekomme overs\u00e6ttelsesfejl eller un\u00f8jagtigheder, og vi kan ikke holdes ansvarlige for eventuelle uoverensstemmelser mellem det originale materiale p\u00e5 dansk og dets oversatte versioner.<br \/>\nDerudover er der nogle programmer, filer eller elementer, der ikke kan overs\u00e6ttes, herunder grafer, fotos eller b\u00e6rbare dokumentformater (PDF&#8217;er).    Automatiserede overs\u00e6ttelser er ikke beregnet til at erstatte menneskelige eller traditionelle overs\u00e6ttelsesmetoder. Hvis der er sp\u00f8rgsm\u00e5l om n\u00f8jagtigheden af de oplysninger, der pr\u00e6senteres i den oversatte version af webstedet, har den originale version forrang.<br \/>\nDet er l\u00e6serens ansvar at udvise forsigtighed og s\u00f8ge afklaring, hvis det er n\u00f8dvendigt. <\/p>\n<p>Ern\u00e6ringsoplysningerne, sundhedsr\u00e5dene og alle andre anbefalinger i vores ressourcer er beregnet til raske voksne og g\u00e6lder ikke for b\u00f8rn under 18 \u00e5r, \u00e6ldre med lille appetit og personer med en tilstand, der kr\u00e6ver en s\u00e6rlig di\u00e6t.<br \/>\nDesuden b\u00f8r gravide kvinder, ammende m\u00f8dre og personer over 65 \u00e5r f\u00f8lge supplerende r\u00e5d.<br \/>\nHvis du tilh\u00f8rer en af disse kategorier, er det vigtigt at konsultere en kvalificeret sundhedsperson, f\u00f8r du foretager kost\u00e6ndringer eller f\u00f8lger ern\u00e6ringsanbefalingerne i vores ressourcer.  <\/p>\n<p>Ved at bruge vores ressourcer anerkender og accepterer du, at hverken forfatterne eller udgiverne er ansvarlige for tab, personskade eller skader, herunder men ikke begr\u00e6nset til dem, der er for\u00e5rsaget af uagtsomhed, kontraktbrud eller andet, der opst\u00e5r som f\u00f8lge af brug eller anvendelse, enten direkte eller indirekte, af indholdet i vores ressourcer.<\/p>\n<p>Din beslutning om at implementere eller ignorere r\u00e5d, \u00f8velser, teknikker eller andet indhold, der findes i vores ressourcer, er dit ansvar, og du opfordres til at s\u00f8ge professionel r\u00e5dgivning, f\u00f8r du g\u00f8r det.<br \/>\nVed at bruge vores ressourcer anerkender du risikoen for, at oplysningerne m\u00e5ske ikke passer til dine unikke omst\u00e6ndigheder eller sundhedstilstand.<br \/>\nDerfor skal du konsultere en kvalificeret sundhedsperson, f\u00f8r du implementerer oplysninger fra vores ressourcer.  <\/p>\n<p>Opretholdelse af sundhed og forebyggelse eller behandling af sygdom b\u00f8r altid ske i samarbejde med og under opsyn af dit sundhedspersonale.<\/p>\n<p>Alle intellektuelle ejendomsrettigheder til indholdet p\u00e5 denne hjemmeside tilh\u00f8rer Be The Change ApS.<\/p>\n<p>Kopiering, distribution og enhver anden brug af vores ressourcer er ikke tilladt uden skriftlig tilladelse fra Be The Change ApS, medmindre andet f\u00f8lger af ufravigelige lovbestemmelser (s\u00e5som retten til at citere), medmindre specifikt indhold dikterer andet.<\/p>\n\t\t\t\t\t\t\t\t<\/div>\n\t\t\t\t<\/div>\n\t\t\t\t<\/div>\n\t\t\t\t\t<\/div>\n\t\t\t\t<\/div>\n\t\t\t\t<\/div>\n\t\t","protected":false},"excerpt":{"rendered":"<p>Ansvarsfraskrivelse Oplysningerne p\u00e5 SHAPEYourFutureLife.org, SHAPEbook.org, psykologib\u00f8gerne &#8216;Create a Better World&#8217; og alle andre tilknyttede digitale ressourcer (samlet ben\u00e6vnt &#8220;vores ressourcer&#8221;) er beregnet til at supplere, ikke erstatte, det forhold, der eksisterer mellem en patient og deres l\u00e6ge, psykolog eller andet sundhedspersonale. Det indhold, der er tilg\u00e6ngeligt via vores ressourcer, er udelukkende til informations- og uddannelsesform\u00e5l. [&hellip;]<\/p>\n","protected":false},"author":1,"featured_media":0,"parent":0,"menu_order":0,"comment_status":"closed","ping_status":"closed","template":"elementor_header_footer","meta":{"_surecart_dashboard_logo_width":"180px","_surecart_dashboard_show_logo":true,"_surecart_dashboard_navigation_orders":true,"_surecart_dashboard_navigation_invoices":true,"_surecart_dashboard_navigation_subscriptions":true,"_surecart_dashboard_navigation_downloads":true,"_surecart_dashboard_navigation_billing":true,"_surecart_dashboard_navigation_account":true,"wprm-recipe-roundup-name":"","wprm-recipe-roundup-description":"","footnotes":""},"class_list":["post-21356","page","type-page","status-publish","hentry"],"blocksy_meta":[],"_links":{"self":[{"href":"https:\/\/shapeyourfuturelife.org\/da\/wp-json\/wp\/v2\/pages\/21356","targetHints":{"allow":["GET"]}}],"collection":[{"href":"https:\/\/shapeyourfuturelife.org\/da\/wp-json\/wp\/v2\/pages"}],"about":[{"href":"https:\/\/shapeyourfuturelife.org\/da\/wp-json\/wp\/v2\/types\/page"}],"author":[{"embeddable":true,"href":"https:\/\/shapeyourfuturelife.org\/da\/wp-json\/wp\/v2\/users\/1"}],"replies":[{"embeddable":true,"href":"https:\/\/shapeyourfuturelife.org\/da\/wp-json\/wp\/v2\/comments?post=21356"}],"version-history":[{"count":11,"href":"https:\/\/shapeyourfuturelife.org\/da\/wp-json\/wp\/v2\/pages\/21356\/revisions"}],"predecessor-version":[{"id":38690,"href":"https:\/\/shapeyourfuturelife.org\/da\/wp-json\/wp\/v2\/pages\/21356\/revisions\/38690"}],"wp:attachment":[{"href":"https:\/\/shapeyourfuturelife.org\/da\/wp-json\/wp\/v2\/media?parent=21356"}],"curies":[{"name":"wp","href":"https:\/\/api.w.org\/{rel}","templated":true}]}}