{"id":21353,"date":"2023-08-28T11:43:39","date_gmt":"2023-08-28T09:43:39","guid":{"rendered":"https:\/\/shapeyourfuturelife.org\/om-shapebook\/"},"modified":"2024-09-04T15:15:35","modified_gmt":"2024-09-04T13:15:35","slug":"om-shapebook","status":"publish","type":"page","link":"https:\/\/shapeyourfuturelife.org\/da\/om-shapebook\/","title":{"rendered":"Om SHAPEBOOK"},"content":{"rendered":"\t\t<div data-elementor-type=\"wp-page\" data-elementor-id=\"21353\" class=\"elementor elementor-21353 elementor-14614\" data-elementor-post-type=\"page\">\n\t\t\t\t<div class=\"elementor-element elementor-element-218de0fa e-flex e-con-boxed e-con e-parent\" data-id=\"218de0fa\" data-element_type=\"container\" data-e-type=\"container\" data-settings=\"{&quot;background_background&quot;:&quot;classic&quot;,&quot;jet_parallax_layout_list&quot;:[]}\">\n\t\t\t\t\t<div class=\"e-con-inner\">\n\t\t<div class=\"elementor-element elementor-element-6e582c62 e-con-full e-flex e-con e-child\" data-id=\"6e582c62\" data-element_type=\"container\" data-e-type=\"container\" data-settings=\"{&quot;jet_parallax_layout_list&quot;:[]}\">\n\t\t\t\t<div class=\"elementor-element elementor-element-4e766c89 elementor-widget__width-auto elementor-widget elementor-widget-heading\" data-id=\"4e766c89\" data-element_type=\"widget\" data-e-type=\"widget\" data-widget_type=\"heading.default\">\n\t\t\t\t<div class=\"elementor-widget-container\">\n\t\t\t\t\t<h2 class=\"elementor-heading-title elementor-size-default\">Om SHAPEBOOK<\/h2>\t\t\t\t<\/div>\n\t\t\t\t<\/div>\n\t\t\t\t<\/div>\n\t\t<div class=\"elementor-element elementor-element-719b1aee e-flex e-con-boxed e-con e-child\" data-id=\"719b1aee\" data-element_type=\"container\" data-e-type=\"container\" data-settings=\"{&quot;jet_parallax_layout_list&quot;:[]}\">\n\t\t\t\t\t<div class=\"e-con-inner\">\n\t\t<div class=\"elementor-element elementor-element-30f3f8b e-con-full e-flex elementor-invisible e-con e-child\" data-id=\"30f3f8b\" data-element_type=\"container\" data-e-type=\"container\" data-settings=\"{&quot;jet_parallax_layout_list&quot;:[],&quot;animation&quot;:&quot;fadeInUp&quot;}\">\n\t\t\t\t<div class=\"elementor-element elementor-element-6ed63624 elementor-widget elementor-widget-heading\" data-id=\"6ed63624\" data-element_type=\"widget\" data-e-type=\"widget\" data-widget_type=\"heading.default\">\n\t\t\t\t<div class=\"elementor-widget-container\">\n\t\t\t\t\t<h2 class=\"elementor-heading-title elementor-size-default\">Introduktion<\/h2>\t\t\t\t<\/div>\n\t\t\t\t<\/div>\n\t\t\t\t<div class=\"elementor-element elementor-element-1b8470dc elementor-widget elementor-widget-text-editor\" data-id=\"1b8470dc\" data-element_type=\"widget\" data-e-type=\"widget\" data-widget_type=\"text-editor.default\">\n\t\t\t\t<div class=\"elementor-widget-container\">\n\t\t\t\t\t\t\t\t\t<p>Som medlem af SHAPE Your Future Life f\u00e5r du adgang SHAPEbook, der er vores inspirerende plantebaserede community. Tanken bag SHAPEbook er at skabe en social platform, hvor vi sammen med ligesindede trygt kan udveksler ideer og erfaringer indenfor de emner, der er repr\u00e6senteret i vores l\u00e6ringsportal.<br \/><br \/>SHAPEbook fungerer uden en algoritme, s\u00e5 der ikke bliver sorteret i, hvad vi kan se. Vi tilbyder desuden muligheden for, at vi kan chatte med hinanden i tematiske, \u00e5bne eller lukkede grupper inden for rammerne af vores empowering, plantebaserede f\u00e6llesskab.<\/p><p>Ytringsfriheden respekteres, men det er vigtigt for os, at vi holder en respektfuld tone og overholder vores f\u00e6llesskabsregler, ligesom n\u00e5r vi bruger andre sociale platforme.\u00a0<\/p><p>Vi har oprettet emnespecifikke grupper p\u00e5 SHAPEbook. Du er meget velkommen til at dele artikler og andet, der kan fremme en sund, plantebaseret og b\u00e6redygtig livsstil. Hvis du anmelder spisesteder eller andre virksomheder, s\u00e5 hold en positiv tone, uanset hvad du mener om stedet. Vi tror p\u00e5 at l\u00f8fte hinanden. Uanset kvaliteten af din oplevelse er det godt at huske p\u00e5, at alle k\u00e6mper deres egne kampe i livet og for deres overbevisninger.<\/p>\t\t\t\t\t\t\t\t<\/div>\n\t\t\t\t<\/div>\n\t\t\t\t<\/div>\n\t\t<div class=\"elementor-element elementor-element-405ca1ab e-con-full e-flex elementor-invisible e-con e-child\" data-id=\"405ca1ab\" data-element_type=\"container\" data-e-type=\"container\" data-settings=\"{&quot;jet_parallax_layout_list&quot;:[],&quot;animation&quot;:&quot;fadeInUp&quot;}\">\n\t\t\t\t<div class=\"elementor-element elementor-element-72cba7ff dce_masking-none elementor-widget elementor-widget-image\" data-id=\"72cba7ff\" data-element_type=\"widget\" data-e-type=\"widget\" data-widget_type=\"image.default\">\n\t\t\t\t<div class=\"elementor-widget-container\">\n\t\t\t\t\t\t\t\t\t\t\t\t\t\t\t<img fetchpriority=\"high\" decoding=\"async\" width=\"1024\" height=\"576\" src=\"https:\/\/shapeyourfuturelife.org\/wp-content\/uploads\/2023\/01\/Animals-1024x576.jpg\" class=\"attachment-large size-large wp-image-7656\" alt=\"\" srcset=\"https:\/\/shapeyourfuturelife.org\/wp-content\/uploads\/2023\/01\/Animals-1024x576.jpg 1024w, https:\/\/shapeyourfuturelife.org\/wp-content\/uploads\/2023\/01\/Animals-600x338.jpg 600w, https:\/\/shapeyourfuturelife.org\/wp-content\/uploads\/2023\/01\/Animals-300x169.jpg 300w, https:\/\/shapeyourfuturelife.org\/wp-content\/uploads\/2023\/01\/Animals-768x432.jpg 768w, https:\/\/shapeyourfuturelife.org\/wp-content\/uploads\/2023\/01\/Animals-1536x864.jpg 1536w, https:\/\/shapeyourfuturelife.org\/wp-content\/uploads\/2023\/01\/Animals-1320x743.jpg 1320w, https:\/\/shapeyourfuturelife.org\/wp-content\/uploads\/2023\/01\/Animals.jpg 1600w\" sizes=\"(max-width: 1024px) 100vw, 1024px\" \/>\t\t\t\t\t\t\t\t\t\t\t\t\t\t\t<\/div>\n\t\t\t\t<\/div>\n\t\t\t\t<div class=\"elementor-element elementor-element-5e6f6fe3 elementor-widget elementor-widget-text-editor\" data-id=\"5e6f6fe3\" data-element_type=\"widget\" data-e-type=\"widget\" data-widget_type=\"text-editor.default\">\n\t\t\t\t<div class=\"elementor-widget-container\">\n\t\t\t\t\t\t\t\t\t<p>Hvis du ikke har noget godt at sige, s\u00e5 undlad at v\u00e6re ford\u00f8mmende. I stedet for at skrive negative kommentarer om initiativer, der m\u00e5ske ikke er lykkedes endnu, s\u00e5 pr\u00f8v i stedet at inspirere med konstruktiv kritik og k\u00e6rlighed. Vi g\u00f8r alle det bedste, vi kan.<\/p><p>De bedste hilsner<\/p>\t\t\t\t\t\t\t\t<\/div>\n\t\t\t\t<\/div>\n\t\t\t\t<div class=\"elementor-element elementor-element-1bf1205 elementor-widget elementor-widget-heading\" data-id=\"1bf1205\" data-element_type=\"widget\" data-e-type=\"widget\" data-widget_type=\"heading.default\">\n\t\t\t\t<div class=\"elementor-widget-container\">\n\t\t\t\t\t<p class=\"elementor-heading-title elementor-size-default\">Anne &amp; Per<\/p>\t\t\t\t<\/div>\n\t\t\t\t<\/div>\n\t\t\t\t<\/div>\n\t\t\t\t\t<\/div>\n\t\t\t\t<\/div>\n\t\t\t\t\t<\/div>\n\t\t\t\t<\/div>\n\t\t\t\t<\/div>\n\t\t","protected":false},"excerpt":{"rendered":"<p>Om SHAPEBOOK Introduktion Som medlem af SHAPE Your Future Life f\u00e5r du adgang SHAPEbook, der er vores inspirerende plantebaserede community. Tanken bag SHAPEbook er at skabe en social platform, hvor vi sammen med ligesindede trygt kan udveksler ideer og erfaringer indenfor de emner, der er repr\u00e6senteret i vores l\u00e6ringsportal. SHAPEbook fungerer uden en algoritme, s\u00e5 [&hellip;]<\/p>\n","protected":false},"author":1,"featured_media":17202,"parent":0,"menu_order":0,"comment_status":"closed","ping_status":"closed","template":"elementor_header_footer","meta":{"_surecart_dashboard_logo_width":"180px","_surecart_dashboard_show_logo":true,"_surecart_dashboard_navigation_orders":true,"_surecart_dashboard_navigation_invoices":true,"_surecart_dashboard_navigation_subscriptions":true,"_surecart_dashboard_navigation_downloads":true,"_surecart_dashboard_navigation_billing":true,"_surecart_dashboard_navigation_account":true,"wprm-recipe-roundup-name":"","wprm-recipe-roundup-description":"","footnotes":""},"class_list":["post-21353","page","type-page","status-publish","has-post-thumbnail","hentry"],"blocksy_meta":{"styles_descriptor":{"styles":{"desktop":"","tablet":"","mobile":""},"google_fonts":[],"version":6}},"_links":{"self":[{"href":"https:\/\/shapeyourfuturelife.org\/da\/wp-json\/wp\/v2\/pages\/21353","targetHints":{"allow":["GET"]}}],"collection":[{"href":"https:\/\/shapeyourfuturelife.org\/da\/wp-json\/wp\/v2\/pages"}],"about":[{"href":"https:\/\/shapeyourfuturelife.org\/da\/wp-json\/wp\/v2\/types\/page"}],"author":[{"embeddable":true,"href":"https:\/\/shapeyourfuturelife.org\/da\/wp-json\/wp\/v2\/users\/1"}],"replies":[{"embeddable":true,"href":"https:\/\/shapeyourfuturelife.org\/da\/wp-json\/wp\/v2\/comments?post=21353"}],"version-history":[{"count":5,"href":"https:\/\/shapeyourfuturelife.org\/da\/wp-json\/wp\/v2\/pages\/21353\/revisions"}],"predecessor-version":[{"id":37776,"href":"https:\/\/shapeyourfuturelife.org\/da\/wp-json\/wp\/v2\/pages\/21353\/revisions\/37776"}],"wp:featuredmedia":[{"embeddable":true,"href":"https:\/\/shapeyourfuturelife.org\/da\/wp-json\/wp\/v2\/media\/17202"}],"wp:attachment":[{"href":"https:\/\/shapeyourfuturelife.org\/da\/wp-json\/wp\/v2\/media?parent=21353"}],"curies":[{"name":"wp","href":"https:\/\/api.w.org\/{rel}","templated":true}]}}