{"id":20883,"date":"2023-08-28T11:20:24","date_gmt":"2023-08-28T09:20:24","guid":{"rendered":"https:\/\/shapeyourfuturelife.org\/laes-mere-om-medlems-fordelene\/"},"modified":"2024-09-04T18:38:28","modified_gmt":"2024-09-04T16:38:28","slug":"laes-mere-om-medlems-fordelene","status":"publish","type":"page","link":"https:\/\/shapeyourfuturelife.org\/da\/laes-mere-om-medlems-fordelene\/","title":{"rendered":"L\u00e6s mere om medlems fordelene"},"content":{"rendered":"\t\t<div data-elementor-type=\"wp-page\" data-elementor-id=\"20883\" class=\"elementor elementor-20883 elementor-14605\" data-elementor-post-type=\"page\">\n\t\t\t\t<div class=\"elementor-element elementor-element-218de0fa e-flex e-con-boxed e-con e-parent\" data-id=\"218de0fa\" data-element_type=\"container\" data-e-type=\"container\" data-settings=\"{&quot;background_background&quot;:&quot;classic&quot;,&quot;jet_parallax_layout_list&quot;:[]}\">\n\t\t\t\t\t<div class=\"e-con-inner\">\n\t\t<div class=\"elementor-element elementor-element-6e582c62 e-con-full e-flex e-con e-child\" data-id=\"6e582c62\" data-element_type=\"container\" data-e-type=\"container\" data-settings=\"{&quot;jet_parallax_layout_list&quot;:[]}\">\n\t\t\t\t<div class=\"elementor-element elementor-element-4e766c89 elementor-widget__width-auto elementor-widget elementor-widget-heading\" data-id=\"4e766c89\" data-element_type=\"widget\" data-e-type=\"widget\" data-widget_type=\"heading.default\">\n\t\t\t\t<div class=\"elementor-widget-container\">\n\t\t\t\t\t<h2 class=\"elementor-heading-title elementor-size-default\">Medlemsfordele<\/h2>\t\t\t\t<\/div>\n\t\t\t\t<\/div>\n\t\t\t\t<\/div>\n\t\t<div class=\"elementor-element elementor-element-719b1aee e-flex e-con-boxed e-con e-child\" data-id=\"719b1aee\" data-element_type=\"container\" data-e-type=\"container\" data-settings=\"{&quot;jet_parallax_layout_list&quot;:[]}\">\n\t\t\t\t\t<div class=\"e-con-inner\">\n\t\t<div class=\"elementor-element elementor-element-30f3f8b e-con-full e-flex elementor-invisible e-con e-child\" data-id=\"30f3f8b\" data-element_type=\"container\" data-e-type=\"container\" data-settings=\"{&quot;jet_parallax_layout_list&quot;:[],&quot;animation&quot;:&quot;fadeInUp&quot;}\">\n\t\t\t\t<div class=\"elementor-element elementor-element-6ed63624 elementor-widget elementor-widget-heading\" data-id=\"6ed63624\" data-element_type=\"widget\" data-e-type=\"widget\" data-widget_type=\"heading.default\">\n\t\t\t\t<div class=\"elementor-widget-container\">\n\t\t\t\t\t<h2 class=\"elementor-heading-title elementor-size-default\">Velkommen til et gladere, sundere og mere b\u00e6redygtigt liv!<\/h2>\t\t\t\t<\/div>\n\t\t\t\t<\/div>\n\t\t\t\t<div class=\"elementor-element elementor-element-1b8470dc elementor-widget elementor-widget-text-editor\" data-id=\"1b8470dc\" data-element_type=\"widget\" data-e-type=\"widget\" data-widget_type=\"text-editor.default\">\n\t\t\t\t<div class=\"elementor-widget-container\">\n\t\t\t\t\t\t\t\t\t<div class=\"flex flex-grow flex-col gap-3 max-w-full\"><div class=\"min-h-[20px] flex flex-col items-start gap-3 overflow-x-auto whitespace-pre-wrap break-words\"><p>Verden, som vi kender den, er under hastig forandring. Vi st\u00e5r midt i en klima- og biodiversitetskrise med omfattende fattigdom, sult og ulighed til f\u00f8lge. Mange af os mistrives, og vi f\u00e5r kroniske sygdomme i et hidtil uset omfang. En stor del af vores f\u00e6lles udfordringer er relateret til vores livsstil. Med den rette viden og nye redskaber har vi hver is\u00e6r mulighed for at lave forandringer i vores hverdag, der kan danne grundlaget for at leve et gladere, sundere og mere b\u00e6redygtigt liv. Vi kan erobre vores sundhed tilbage og reducere eller helt undg\u00e5 \u201cskrante-\u00e5rene\u201d i den sidste del af livet. Med den rette viden kan du ikke bare \u201cl\u00e6gge flere \u00e5r til livet\u201d men i den grad ogs\u00e5 \u201cmere liv til \u00e5rene\u201d.<\/p><p>Ved at blive medlem af SHAPE Your Future Life investerer du ikke kun i dit eget liv, men ogs\u00e5 i et f\u00e6llesskab, der arbejder for positive forandringer og en sundere og mere b\u00e6redygtig verden.<br \/><br \/>SHAPE bygger p\u00e5 et stort research- og kommunikationsarbejde. Vi bruger vores faglige kompetencer til l\u00f8bende at udv\u00e6lge, indsamle og bearbejde relevant, evidensbaseret viden og formidle den og praktiske v\u00e6rkt\u00f8jer p\u00e5 en let tilg\u00e6ngelig m\u00e5de til dig og din familie.<\/p><p><b>Som medlem af SHAPE Your Future Life f\u00e5r du adgang til:<\/b><\/p><ul><li aria-level=\"1\"><b>Viden:<\/b> Med SHAPEs film, artikler, tests og \u00f8velser f\u00e5r du let adgang til en omfattende v\u00e6rkt\u00f8jskasse med indsigt og enkle redskaber.\u00a0<br \/><br \/><\/li><li aria-level=\"1\"><b>Vores standarder:<\/b> Vi omdanner en stor og kompleks vidensmasse til artikler og film, der er oversat til 20 sprog. Vi arbejder i overensstemmelse med anbefalinger fra f\u00f8rende internationale organisationer som WHO, FN og OECD. Vi har ingen \u00f8konomisk interesse i den viden, vi deler. Indt\u00e6gterne g\u00e5r til at drive og udbrede kendskabet til SHAPE.<br \/><br \/><\/li><li aria-level=\"1\"><b>Omfattende psykologi-ressourcer:<\/b> Du f\u00e5r adgang til seks b\u00f8ger i artikelform om personlig udvikling med praktiske \u00f8velser. Disse ressourcer kan hj\u00e6lpe dig med at forst\u00e5 dig selv bedre, styrke din f\u00f8lelsesm\u00e6ssige intelligens og navigere sikkert gennem livets udfordringer. Brug test v\u00e6rkt\u00f8jerne til at f\u00f8lge din personlige v\u00e6kst.<br \/><br \/><\/li><li aria-level=\"1\"><b>Test og viden registrering:<\/b> Via v\u00e6rkt\u00f8jerne I h\u00f8jre side af p\u00e5 websiden kan du markere favorit artikler, holde styr p\u00e5 l\u00e6ste artikler, tage noter og gennemf\u00f8re multiple choice tests, der hj\u00e6lper dig til at konsolidere din viden.<\/li><\/ul><\/div><\/div>\t\t\t\t\t\t\t\t<\/div>\n\t\t\t\t<\/div>\n\t\t\t\t<\/div>\n\t\t<div class=\"elementor-element elementor-element-405ca1ab e-con-full e-flex elementor-invisible e-con e-child\" data-id=\"405ca1ab\" data-element_type=\"container\" data-e-type=\"container\" data-settings=\"{&quot;jet_parallax_layout_list&quot;:[],&quot;animation&quot;:&quot;fadeInUp&quot;}\">\n\t\t\t\t<div class=\"elementor-element elementor-element-72cba7ff dce_masking-none elementor-widget elementor-widget-image\" data-id=\"72cba7ff\" data-element_type=\"widget\" data-e-type=\"widget\" data-widget_type=\"image.default\">\n\t\t\t\t<div class=\"elementor-widget-container\">\n\t\t\t\t\t\t\t\t\t\t\t\t\t\t\t<img fetchpriority=\"high\" decoding=\"async\" width=\"1024\" height=\"952\" src=\"https:\/\/shapeyourfuturelife.org\/wp-content\/uploads\/2024\/09\/Velkommen-Redux-1024x952.png\" class=\"attachment-large size-large wp-image-37734\" alt=\"\" srcset=\"https:\/\/shapeyourfuturelife.org\/wp-content\/uploads\/2024\/09\/Velkommen-Redux-1024x952.png 1024w, https:\/\/shapeyourfuturelife.org\/wp-content\/uploads\/2024\/09\/Velkommen-Redux-300x279.png 300w, https:\/\/shapeyourfuturelife.org\/wp-content\/uploads\/2024\/09\/Velkommen-Redux-768x714.png 768w, https:\/\/shapeyourfuturelife.org\/wp-content\/uploads\/2024\/09\/Velkommen-Redux-1536x1428.png 1536w, https:\/\/shapeyourfuturelife.org\/wp-content\/uploads\/2024\/09\/Velkommen-Redux-2048x1904.png 2048w, https:\/\/shapeyourfuturelife.org\/wp-content\/uploads\/2024\/09\/Velkommen-Redux-1320x1227.png 1320w\" sizes=\"(max-width: 1024px) 100vw, 1024px\" \/>\t\t\t\t\t\t\t\t\t\t\t\t\t\t\t<\/div>\n\t\t\t\t<\/div>\n\t\t\t\t<div class=\"elementor-element elementor-element-5e6f6fe3 elementor-widget elementor-widget-text-editor\" data-id=\"5e6f6fe3\" data-element_type=\"widget\" data-e-type=\"widget\" data-widget_type=\"text-editor.default\">\n\t\t\t\t<div class=\"elementor-widget-container\">\n\t\t\t\t\t\t\t\t\t<ul><li aria-level=\"1\"><b>Styrkelse af f\u00e6llesskabet:<\/b> Ved at blive en del af vores sociale platform SHAPEbook kan du m\u00f8de ligesindede, dele opskrifter, tips og ideer, samt f\u00e5 st\u00f8tte p\u00e5 din rejse mod en mere plantebaseret og b\u00e6redygtig livsstil.<\/li><li aria-level=\"1\"><b>M\u00e5ltidsplanl\u00e6gning:<\/b> Som medlem kan du lave personlige madplaner tilpasset dine smagsl\u00f8g og ern\u00e6ringsbehov. F\u00e5 tips og opskrifter, der g\u00f8r m\u00e5ltidsplanl\u00e6gning stressfri og g\u00f8r det nemmere at v\u00e6lge b\u00e6redygtige og sundere alternativer.<\/li><li aria-level=\"1\"><b>Kulinariske l\u00e6kkerier:<\/b> Du f\u00e5r adgang til et stort udvalg af l\u00e6kre plantebaserede opskrifter udarbejdet af vores engagerede kokke. Via din brugerprofil kan du gemme dine favoritter, tilf\u00f8je noter og justere opskrifterne, s\u00e5 de passer til dig.<\/li><\/ul><p><b>Vi h\u00e5ber, du vil v\u00e6re medlem og derigennem st\u00f8tte vores vision om at skabe en bedre verden.<\/b><\/p><p>De bedste hilsner,<br \/><br \/><\/p>\t\t\t\t\t\t\t\t<\/div>\n\t\t\t\t<\/div>\n\t\t\t\t<div class=\"elementor-element elementor-element-1bf1205 elementor-widget elementor-widget-heading\" data-id=\"1bf1205\" data-element_type=\"widget\" data-e-type=\"widget\" data-widget_type=\"heading.default\">\n\t\t\t\t<div class=\"elementor-widget-container\">\n\t\t\t\t\t<p class=\"elementor-heading-title elementor-size-default\">Anne &amp; Per<\/p>\t\t\t\t<\/div>\n\t\t\t\t<\/div>\n\t\t\t\t<\/div>\n\t\t\t\t\t<\/div>\n\t\t\t\t<\/div>\n\t\t<div class=\"elementor-element elementor-element-a8d4bcd e-con-full e-flex e-con e-child\" data-id=\"a8d4bcd\" data-element_type=\"container\" data-e-type=\"container\" data-settings=\"{&quot;jet_parallax_layout_list&quot;:[]}\">\n\t\t\t\t<div class=\"elementor-element elementor-element-f274e65 elementor-widget__width-auto elementor-widget elementor-widget-global elementor-global-36896 elementor-global-36883 elementor-widget-button\" data-id=\"f274e65\" data-element_type=\"widget\" data-e-type=\"widget\" data-widget_type=\"button.default\">\n\t\t\t\t<div class=\"elementor-widget-container\">\n\t\t\t\t\t\t\t\t\t<div class=\"elementor-button-wrapper\">\n\t\t\t\t\t<a class=\"elementor-button elementor-button-link elementor-size-sm\" href=\"https:\/\/shapeyourfuturelife.org\/buy\/shape-medlemsskab\">\n\t\t\t\t\t\t<span class=\"elementor-button-content-wrapper\">\n\t\t\t\t\t\t<span class=\"elementor-button-icon\">\n\t\t\t\t<i aria-hidden=\"true\" class=\"fas fa-chevron-right\"><\/i>\t\t\t<\/span>\n\t\t\t\t\t\t\t\t\t<span class=\"elementor-button-text\">Bliv medlem<\/span>\n\t\t\t\t\t<\/span>\n\t\t\t\t\t<\/a>\n\t\t\t\t<\/div>\n\t\t\t\t\t\t\t\t<\/div>\n\t\t\t\t<\/div>\n\t\t\t\t<\/div>\n\t\t\t\t\t<\/div>\n\t\t\t\t<\/div>\n\t\t\t\t<\/div>\n\t\t","protected":false},"excerpt":{"rendered":"<p>Medlemsfordele Velkommen til et gladere, sundere og mere b\u00e6redygtigt liv! Verden, som vi kender den, er under hastig forandring. Vi st\u00e5r midt i en klima- og biodiversitetskrise med omfattende fattigdom, sult og ulighed til f\u00f8lge. Mange af os mistrives, og vi f\u00e5r kroniske sygdomme i et hidtil uset omfang. En stor del af vores f\u00e6lles [&hellip;]<\/p>\n","protected":false},"author":1,"featured_media":0,"parent":0,"menu_order":0,"comment_status":"closed","ping_status":"closed","template":"elementor_header_footer","meta":{"_surecart_dashboard_logo_width":"180px","_surecart_dashboard_show_logo":true,"_surecart_dashboard_navigation_orders":true,"_surecart_dashboard_navigation_invoices":true,"_surecart_dashboard_navigation_subscriptions":true,"_surecart_dashboard_navigation_downloads":true,"_surecart_dashboard_navigation_billing":true,"_surecart_dashboard_navigation_account":true,"wprm-recipe-roundup-name":"","wprm-recipe-roundup-description":"","footnotes":""},"class_list":["post-20883","page","type-page","status-publish","hentry"],"blocksy_meta":{"styles_descriptor":{"styles":{"desktop":"","tablet":"","mobile":""},"google_fonts":[],"version":6}},"_links":{"self":[{"href":"https:\/\/shapeyourfuturelife.org\/da\/wp-json\/wp\/v2\/pages\/20883","targetHints":{"allow":["GET"]}}],"collection":[{"href":"https:\/\/shapeyourfuturelife.org\/da\/wp-json\/wp\/v2\/pages"}],"about":[{"href":"https:\/\/shapeyourfuturelife.org\/da\/wp-json\/wp\/v2\/types\/page"}],"author":[{"embeddable":true,"href":"https:\/\/shapeyourfuturelife.org\/da\/wp-json\/wp\/v2\/users\/1"}],"replies":[{"embeddable":true,"href":"https:\/\/shapeyourfuturelife.org\/da\/wp-json\/wp\/v2\/comments?post=20883"}],"version-history":[{"count":46,"href":"https:\/\/shapeyourfuturelife.org\/da\/wp-json\/wp\/v2\/pages\/20883\/revisions"}],"predecessor-version":[{"id":37784,"href":"https:\/\/shapeyourfuturelife.org\/da\/wp-json\/wp\/v2\/pages\/20883\/revisions\/37784"}],"wp:attachment":[{"href":"https:\/\/shapeyourfuturelife.org\/da\/wp-json\/wp\/v2\/media?parent=20883"}],"curies":[{"name":"wp","href":"https:\/\/api.w.org\/{rel}","templated":true}]}}